{"id":2583,"date":"2025-12-01T13:22:05","date_gmt":"2025-12-01T13:22:05","guid":{"rendered":"https:\/\/kad.al\/?post_type=product&#038;p=2583"},"modified":"2025-12-01T14:12:01","modified_gmt":"2025-12-01T14:12:01","slug":"mekati-i-virgjereshes","status":"publish","type":"product","link":"https:\/\/kad.al\/index.php\/product\/mekati-i-virgjereshes\/","title":{"rendered":"M\u00cbKATI I VIRGJ\u00cbRESH\u00cbS"},"content":{"rendered":"","protected":false},"excerpt":{"rendered":"<p><strong>M\u00cbKATI I VIRGJ\u00cbRESH\u00cbS<\/strong><\/p>\n<p><em>Ardi Omeri <\/em><\/p>\n<p>ISBN 9789928941374<\/p>\n<p>\u00c7mimi 700 Lek\u00eb<\/p>\n<p>186 Faqe<\/p>\n<p>Botimi \u00ebsht\u00eb romani m\u00eb i ri i shkrimtarit Ardi Omeri.<\/p>\n","protected":false},"featured_media":2584,"template":"","meta":[],"product_brand":[],"product_cat":[23],"product_tag":[],"class_list":{"0":"post-2583","1":"product","2":"type-product","3":"status-publish","4":"has-post-thumbnail","6":"product_cat-romane-tregime-novela","7":"description-off","9":"first","10":"instock","11":"shipping-taxable","12":"product-type-simple"},"_links":{"self":[{"href":"https:\/\/kad.al\/index.php\/wp-json\/wp\/v2\/product\/2583","targetHints":{"allow":["GET"]}}],"collection":[{"href":"https:\/\/kad.al\/index.php\/wp-json\/wp\/v2\/product"}],"about":[{"href":"https:\/\/kad.al\/index.php\/wp-json\/wp\/v2\/types\/product"}],"wp:featuredmedia":[{"embeddable":true,"href":"https:\/\/kad.al\/index.php\/wp-json\/wp\/v2\/media\/2584"}],"wp:attachment":[{"href":"https:\/\/kad.al\/index.php\/wp-json\/wp\/v2\/media?parent=2583"}],"wp:term":[{"taxonomy":"product_brand","embeddable":true,"href":"https:\/\/kad.al\/index.php\/wp-json\/wp\/v2\/product_brand?post=2583"},{"taxonomy":"product_cat","embeddable":true,"href":"https:\/\/kad.al\/index.php\/wp-json\/wp\/v2\/product_cat?post=2583"},{"taxonomy":"product_tag","embeddable":true,"href":"https:\/\/kad.al\/index.php\/wp-json\/wp\/v2\/product_tag?post=2583"}],"curies":[{"name":"wp","href":"https:\/\/api.w.org\/{rel}","templated":true}]}}