{"id":2573,"date":"2025-11-24T14:41:17","date_gmt":"2025-11-24T14:41:17","guid":{"rendered":"https:\/\/kad.al\/?post_type=product&#038;p=2573"},"modified":"2025-11-24T14:47:08","modified_gmt":"2025-11-24T14:47:08","slug":"etehem-haxhiadem","status":"publish","type":"product","link":"https:\/\/kad.al\/index.php\/product\/etehem-haxhiadem\/","title":{"rendered":"ET\u00cbHEM HAXHIADEM"},"content":{"rendered":"","protected":false},"excerpt":{"rendered":"<p><strong>ET\u00cbHEM HAXHIADEM<\/strong><\/p>\n<p><em>Robert Martiko<\/em><\/p>\n<p>ISBN 9789928941480<\/p>\n<p>\u00c7mimi 600 Lek\u00eb<\/p>\n<p>84 Faqe<\/p>\n<p>Libri \u00ebsht\u00eb nj\u00eb studim p\u00ebr Ethem Haxhiademin (1902\u20131965) dramaturgun, poetin dhe studiuesin shqiptar, nj\u00eb nga p\u00ebrfaq\u00ebsuesit m\u00eb t\u00eb r\u00ebnd\u00ebsish\u00ebm t\u00eb tragjedis\u00eb klasike n\u00eb let\u00ebrsin\u00eb shqiptare.<\/p>\n","protected":false},"featured_media":2574,"template":"","meta":[],"product_brand":[],"product_cat":[21],"product_tag":[],"class_list":{"0":"post-2573","1":"product","2":"type-product","3":"status-publish","4":"has-post-thumbnail","6":"product_cat-studime-shkencore-dhe-monografi","7":"description-off","9":"first","10":"instock","11":"shipping-taxable","12":"product-type-simple"},"_links":{"self":[{"href":"https:\/\/kad.al\/index.php\/wp-json\/wp\/v2\/product\/2573","targetHints":{"allow":["GET"]}}],"collection":[{"href":"https:\/\/kad.al\/index.php\/wp-json\/wp\/v2\/product"}],"about":[{"href":"https:\/\/kad.al\/index.php\/wp-json\/wp\/v2\/types\/product"}],"wp:featuredmedia":[{"embeddable":true,"href":"https:\/\/kad.al\/index.php\/wp-json\/wp\/v2\/media\/2574"}],"wp:attachment":[{"href":"https:\/\/kad.al\/index.php\/wp-json\/wp\/v2\/media?parent=2573"}],"wp:term":[{"taxonomy":"product_brand","embeddable":true,"href":"https:\/\/kad.al\/index.php\/wp-json\/wp\/v2\/product_brand?post=2573"},{"taxonomy":"product_cat","embeddable":true,"href":"https:\/\/kad.al\/index.php\/wp-json\/wp\/v2\/product_cat?post=2573"},{"taxonomy":"product_tag","embeddable":true,"href":"https:\/\/kad.al\/index.php\/wp-json\/wp\/v2\/product_tag?post=2573"}],"curies":[{"name":"wp","href":"https:\/\/api.w.org\/{rel}","templated":true}]}}