{"id":2571,"date":"2025-11-24T12:40:16","date_gmt":"2025-11-24T12:40:16","guid":{"rendered":"https:\/\/kad.al\/?post_type=product&#038;p=2571"},"modified":"2025-11-24T13:10:41","modified_gmt":"2025-11-24T13:10:41","slug":"tre-vete-ne-nje-lunder","status":"publish","type":"product","link":"https:\/\/kad.al\/index.php\/product\/tre-vete-ne-nje-lunder\/","title":{"rendered":"TRE VET\u00cb N\u00cb NJ\u00cb LUND\u00cbR"},"content":{"rendered":"","protected":false},"excerpt":{"rendered":"<p><strong>TRE VET\u00cb N\u00cb NJ\u00cb LUND\u00cbR<\/strong><\/p>\n<p><em><strong>Jerome K.Jerome <\/strong><\/em><\/p>\n<p>ISBN 9789928941343<\/p>\n<p>\u00c7mimi 1200 Lek\u00eb<\/p>\n<p>258 Faqe<\/p>\n<p>Libri \u00ebsht\u00eb nj\u00eb roman humoristik i Jerome K. Jerome, botuar p\u00ebr her\u00eb t\u00eb par\u00eb n\u00eb vitin 1889. Vepra u shkrua fillimisht si nj\u00eb udh\u00ebzues praktik p\u00ebr udh\u00ebtimet me vark\u00eb n\u00eb lumin Tamiz, por autori p\u00ebrfundoi duke krijuar nj\u00eb nga komedit\u00eb klasike m\u00eb t\u00eb dashura t\u00eb let\u00ebrsis\u00eb britanike.<\/p>\n<p>P\u00ebrktheu nga anglishtja Maksim Rakipaj<\/p>\n","protected":false},"featured_media":2570,"template":"","meta":[],"product_brand":[],"product_cat":[23],"product_tag":[],"class_list":{"0":"post-2571","1":"product","2":"type-product","3":"status-publish","4":"has-post-thumbnail","6":"product_cat-romane-tregime-novela","7":"description-off","9":"first","10":"instock","11":"shipping-taxable","12":"product-type-simple"},"_links":{"self":[{"href":"https:\/\/kad.al\/index.php\/wp-json\/wp\/v2\/product\/2571","targetHints":{"allow":["GET"]}}],"collection":[{"href":"https:\/\/kad.al\/index.php\/wp-json\/wp\/v2\/product"}],"about":[{"href":"https:\/\/kad.al\/index.php\/wp-json\/wp\/v2\/types\/product"}],"wp:featuredmedia":[{"embeddable":true,"href":"https:\/\/kad.al\/index.php\/wp-json\/wp\/v2\/media\/2570"}],"wp:attachment":[{"href":"https:\/\/kad.al\/index.php\/wp-json\/wp\/v2\/media?parent=2571"}],"wp:term":[{"taxonomy":"product_brand","embeddable":true,"href":"https:\/\/kad.al\/index.php\/wp-json\/wp\/v2\/product_brand?post=2571"},{"taxonomy":"product_cat","embeddable":true,"href":"https:\/\/kad.al\/index.php\/wp-json\/wp\/v2\/product_cat?post=2571"},{"taxonomy":"product_tag","embeddable":true,"href":"https:\/\/kad.al\/index.php\/wp-json\/wp\/v2\/product_tag?post=2571"}],"curies":[{"name":"wp","href":"https:\/\/api.w.org\/{rel}","templated":true}]}}