{"id":2562,"date":"2025-11-24T09:45:18","date_gmt":"2025-11-24T09:45:18","guid":{"rendered":"https:\/\/kad.al\/?post_type=product&#038;p=2562"},"modified":"2025-11-24T11:54:19","modified_gmt":"2025-11-24T11:54:19","slug":"lindi-nje-miqesi","status":"publish","type":"product","link":"https:\/\/kad.al\/index.php\/product\/lindi-nje-miqesi\/","title":{"rendered":"LINDI NJ\u00cb MIQ\u00cbSI"},"content":{"rendered":"","protected":false},"excerpt":{"rendered":"<p><strong>LINDI NJ\u00cb MIQ\u00cbSI<br \/>\n<\/strong><\/p>\n<p><em><strong>Marie-H\u00e9l\u00e8ne Rossius<\/strong><\/em><\/p>\n<p>ISBN 9789928941237<\/p>\n<p>\u00c7mimi 400 Lek\u00eb<\/p>\n<p>24 faqe<\/p>\n<p style=\"text-align: left;\">Libri \u00ebsht\u00eb botimi i par\u00eb\u00a0 me ilustrime p\u00ebr f\u00ebmij\u00eb i aventurave t\u00eb Raf dhe Ruf.<\/p>\n","protected":false},"featured_media":2563,"template":"","meta":[],"product_brand":[],"product_cat":[25],"product_tag":[],"class_list":{"0":"post-2562","1":"product","2":"type-product","3":"status-publish","4":"has-post-thumbnail","6":"product_cat-letersi-per-femije-dhe-te-rinj","7":"description-off","9":"first","10":"instock","11":"shipping-taxable","12":"product-type-simple"},"_links":{"self":[{"href":"https:\/\/kad.al\/index.php\/wp-json\/wp\/v2\/product\/2562","targetHints":{"allow":["GET"]}}],"collection":[{"href":"https:\/\/kad.al\/index.php\/wp-json\/wp\/v2\/product"}],"about":[{"href":"https:\/\/kad.al\/index.php\/wp-json\/wp\/v2\/types\/product"}],"wp:featuredmedia":[{"embeddable":true,"href":"https:\/\/kad.al\/index.php\/wp-json\/wp\/v2\/media\/2563"}],"wp:attachment":[{"href":"https:\/\/kad.al\/index.php\/wp-json\/wp\/v2\/media?parent=2562"}],"wp:term":[{"taxonomy":"product_brand","embeddable":true,"href":"https:\/\/kad.al\/index.php\/wp-json\/wp\/v2\/product_brand?post=2562"},{"taxonomy":"product_cat","embeddable":true,"href":"https:\/\/kad.al\/index.php\/wp-json\/wp\/v2\/product_cat?post=2562"},{"taxonomy":"product_tag","embeddable":true,"href":"https:\/\/kad.al\/index.php\/wp-json\/wp\/v2\/product_tag?post=2562"}],"curies":[{"name":"wp","href":"https:\/\/api.w.org\/{rel}","templated":true}]}}