{"id":2546,"date":"2025-09-02T12:53:12","date_gmt":"2025-09-02T12:53:12","guid":{"rendered":"https:\/\/kad.al\/?post_type=product&#038;p=2546"},"modified":"2025-09-02T13:02:16","modified_gmt":"2025-09-02T13:02:16","slug":"tregime-ne-dy-kohe","status":"publish","type":"product","link":"https:\/\/kad.al\/index.php\/product\/tregime-ne-dy-kohe\/","title":{"rendered":"TREGIME N\u00cb DY KOH\u00cb"},"content":{"rendered":"","protected":false},"excerpt":{"rendered":"<div class=\"flex w-full flex-col gap-1 empty:hidden first:pt-[3px]\">\n<p><strong>TREGIME N\u00cb DY KOH\u00cb<\/strong><br data-start=\"73\" data-end=\"76\" \/><i>Robert Shkurti<\/i><\/p>\n<p>\u00c7mimi 1000 Lek\u00eb<\/p>\n<p>214 faqe<\/p>\n<p>ISBN 978-9928-941-03-9<\/p>\n<p>Tregime nga autori Robert Shkurti. Ai \u00ebsht\u00eb autor i disa librave n\u00eb proz\u00eb dhe poezi. Botimet e tij jan\u00eb dhe n\u00eb gjuh\u00ebn italiane, rumune e angleze.<\/p>\n<\/div>\n","protected":false},"featured_media":2547,"template":"","meta":[],"product_brand":[],"product_cat":[23],"product_tag":[],"class_list":{"0":"post-2546","1":"product","2":"type-product","3":"status-publish","4":"has-post-thumbnail","6":"product_cat-romane-tregime-novela","7":"description-off","9":"first","10":"instock","11":"shipping-taxable","12":"product-type-simple"},"_links":{"self":[{"href":"https:\/\/kad.al\/index.php\/wp-json\/wp\/v2\/product\/2546","targetHints":{"allow":["GET"]}}],"collection":[{"href":"https:\/\/kad.al\/index.php\/wp-json\/wp\/v2\/product"}],"about":[{"href":"https:\/\/kad.al\/index.php\/wp-json\/wp\/v2\/types\/product"}],"wp:featuredmedia":[{"embeddable":true,"href":"https:\/\/kad.al\/index.php\/wp-json\/wp\/v2\/media\/2547"}],"wp:attachment":[{"href":"https:\/\/kad.al\/index.php\/wp-json\/wp\/v2\/media?parent=2546"}],"wp:term":[{"taxonomy":"product_brand","embeddable":true,"href":"https:\/\/kad.al\/index.php\/wp-json\/wp\/v2\/product_brand?post=2546"},{"taxonomy":"product_cat","embeddable":true,"href":"https:\/\/kad.al\/index.php\/wp-json\/wp\/v2\/product_cat?post=2546"},{"taxonomy":"product_tag","embeddable":true,"href":"https:\/\/kad.al\/index.php\/wp-json\/wp\/v2\/product_tag?post=2546"}],"curies":[{"name":"wp","href":"https:\/\/api.w.org\/{rel}","templated":true}]}}