{"id":2510,"date":"2025-07-04T13:12:14","date_gmt":"2025-07-04T13:12:14","guid":{"rendered":"https:\/\/kad.al\/?post_type=product&#038;p=2510"},"modified":"2025-07-05T12:51:16","modified_gmt":"2025-07-05T12:51:16","slug":"historiku-i-spitaleve-te-durresit","status":"publish","type":"product","link":"https:\/\/kad.al\/index.php\/product\/historiku-i-spitaleve-te-durresit\/","title":{"rendered":"HISTORIKU I SPITALEVE T\u00cb DURR\u00cbSIT"},"content":{"rendered":"","protected":false},"excerpt":{"rendered":"<div class=\"flex w-full flex-col gap-1 empty:hidden first:pt-[3px]\">\n<p><strong>HISTORIKU I SPITALEVE T\u00cb DURR\u00cbSIT<\/strong><\/p>\n<p><em>Bashkim Habibi<\/em><\/p>\n<p data-start=\"107\" data-end=\"129\">ISBN 978-9928-940-54-4<\/p>\n<p data-start=\"107\" data-end=\"129\">\u00c7mimi 2500 Lek\u00eb<\/p>\n<p data-start=\"131\" data-end=\"140\">150 faqe<\/p>\n<\/div>\n<div class=\"flex w-full flex-col gap-1 empty:hidden first:pt-[3px]\">Libri i dyt\u00eb i zgjeruar \u201cHistoriku i Spitalit t\u00eb Durr\u00ebsit\u201d \u00ebsht\u00eb nj\u00eb dhurat\u00eb e r\u00ebnd\u00ebsishme p\u00ebr qytetin dhe sistemin e tij spitalor. Nga ana tjet\u00ebr, puna studimore e dr. Bashkim Habibit p\u00ebrb\u00ebn nj\u00eb shembull p\u00ebr t\u2019u ndjekur nga profesionist\u00ebt e rinj.<\/div>\n<div style=\"text-align: right;\"><em>G\u00ebzim KABASHI, gazetar<\/em><\/div>\n","protected":false},"featured_media":2511,"template":"","meta":[],"product_brand":[],"product_cat":[22],"product_tag":[],"class_list":{"0":"post-2510","1":"product","2":"type-product","3":"status-publish","4":"has-post-thumbnail","6":"product_cat-histori","7":"description-off","9":"first","10":"instock","11":"shipping-taxable","12":"product-type-simple"},"_links":{"self":[{"href":"https:\/\/kad.al\/index.php\/wp-json\/wp\/v2\/product\/2510","targetHints":{"allow":["GET"]}}],"collection":[{"href":"https:\/\/kad.al\/index.php\/wp-json\/wp\/v2\/product"}],"about":[{"href":"https:\/\/kad.al\/index.php\/wp-json\/wp\/v2\/types\/product"}],"wp:featuredmedia":[{"embeddable":true,"href":"https:\/\/kad.al\/index.php\/wp-json\/wp\/v2\/media\/2511"}],"wp:attachment":[{"href":"https:\/\/kad.al\/index.php\/wp-json\/wp\/v2\/media?parent=2510"}],"wp:term":[{"taxonomy":"product_brand","embeddable":true,"href":"https:\/\/kad.al\/index.php\/wp-json\/wp\/v2\/product_brand?post=2510"},{"taxonomy":"product_cat","embeddable":true,"href":"https:\/\/kad.al\/index.php\/wp-json\/wp\/v2\/product_cat?post=2510"},{"taxonomy":"product_tag","embeddable":true,"href":"https:\/\/kad.al\/index.php\/wp-json\/wp\/v2\/product_tag?post=2510"}],"curies":[{"name":"wp","href":"https:\/\/api.w.org\/{rel}","templated":true}]}}