{"id":2506,"date":"2025-07-04T12:43:47","date_gmt":"2025-07-04T12:43:47","guid":{"rendered":"https:\/\/kad.al\/?post_type=product&#038;p=2506"},"modified":"2025-07-04T12:49:19","modified_gmt":"2025-07-04T12:49:19","slug":"vepra-8-bashkim-hoxha","status":"publish","type":"product","link":"https:\/\/kad.al\/index.php\/product\/vepra-8-bashkim-hoxha\/","title":{"rendered":"VEPRA 8 &#8211; Bashkim Hoxha"},"content":{"rendered":"","protected":false},"excerpt":{"rendered":"<div class=\"flex w-full flex-col gap-1 empty:hidden first:pt-[3px]\">\n<p><strong>NJ\u00cb SHAKA E VOG\u00cbL ME VDEKJEN <\/strong><br \/>\n<strong>DIMRI I LIBRAVE <\/strong><\/p>\n<p><em>Bashkim Hoxha<\/em><\/p>\n<p data-start=\"107\" data-end=\"129\">ISBN 978-9928-940-86-5<\/p>\n<p data-start=\"131\" data-end=\"140\">332 faqe<\/p>\n<\/div>\n<div class=\"flex w-full flex-col gap-1 empty:hidden first:pt-[3px]\">Vepra 8 \u00ebsht\u00eb botimi i fundit i kolan\u00ebs s\u00eb plot\u00eb t\u00eb shkrimtarit Bashkim Hoxha. N\u00eb t\u00eb jan\u00eb pjes\u00eb <em>Nj\u00eb shaka e vog\u00ebl me vdekjen<\/em> dhe <em>Dimri i librave<\/em><\/div>\n","protected":false},"featured_media":2507,"template":"","meta":[],"product_brand":[],"product_cat":[23],"product_tag":[],"class_list":{"0":"post-2506","1":"product","2":"type-product","3":"status-publish","4":"has-post-thumbnail","6":"product_cat-romane-tregime-novela","7":"description-off","9":"first","10":"instock","11":"shipping-taxable","12":"product-type-simple"},"_links":{"self":[{"href":"https:\/\/kad.al\/index.php\/wp-json\/wp\/v2\/product\/2506","targetHints":{"allow":["GET"]}}],"collection":[{"href":"https:\/\/kad.al\/index.php\/wp-json\/wp\/v2\/product"}],"about":[{"href":"https:\/\/kad.al\/index.php\/wp-json\/wp\/v2\/types\/product"}],"wp:featuredmedia":[{"embeddable":true,"href":"https:\/\/kad.al\/index.php\/wp-json\/wp\/v2\/media\/2507"}],"wp:attachment":[{"href":"https:\/\/kad.al\/index.php\/wp-json\/wp\/v2\/media?parent=2506"}],"wp:term":[{"taxonomy":"product_brand","embeddable":true,"href":"https:\/\/kad.al\/index.php\/wp-json\/wp\/v2\/product_brand?post=2506"},{"taxonomy":"product_cat","embeddable":true,"href":"https:\/\/kad.al\/index.php\/wp-json\/wp\/v2\/product_cat?post=2506"},{"taxonomy":"product_tag","embeddable":true,"href":"https:\/\/kad.al\/index.php\/wp-json\/wp\/v2\/product_tag?post=2506"}],"curies":[{"name":"wp","href":"https:\/\/api.w.org\/{rel}","templated":true}]}}