{"id":2496,"date":"2025-06-28T12:13:08","date_gmt":"2025-06-28T12:13:08","guid":{"rendered":"https:\/\/kad.al\/?post_type=product&#038;p=2496"},"modified":"2025-06-28T12:18:09","modified_gmt":"2025-06-28T12:18:09","slug":"vepra-6-bashkim-hoxha","status":"publish","type":"product","link":"https:\/\/kad.al\/index.php\/product\/vepra-6-bashkim-hoxha\/","title":{"rendered":"VEPRA 6 &#8211; Bashkim Hoxha"},"content":{"rendered":"","protected":false},"excerpt":{"rendered":"<div class=\"flex w-full flex-col gap-1 empty:hidden first:pt-[3px]\">\n<p><b>ASNJ\u00cbHER\u00cb T\u00cb MART\u00cbN<br \/>\nHISTORI ME NJER\u00cbZ DHE KAFSH\u00cb<br \/>\nSAKRIFICA<\/b><\/p>\n<p>Bashkim Hoxha<\/p>\n<p data-start=\"107\" data-end=\"129\">ISBN 978-9928-940-84-1<\/p>\n<p data-start=\"131\" data-end=\"140\">318 faqe<\/p>\n<\/div>\n<div class=\"flex w-full flex-col gap-1 empty:hidden first:pt-[3px]\">Vepra 6 \u00ebsht\u00eb vazhdimi i kolan\u00ebs s\u00eb plot\u00eb t\u00eb shkrimtarit Bashkim Hoxha. N\u00eb t\u00eb jan\u00eb pjes\u00eb <em>Asnj\u00ebher\u00eb t\u00eb mart\u00ebn<\/em>, <em>Histori me njer\u00ebz dhe kafsh\u00eb<\/em> dhe <em>Sakrifica.<\/em><\/div>\n","protected":false},"featured_media":2497,"template":"","meta":[],"product_brand":[],"product_cat":[23],"product_tag":[],"class_list":{"0":"post-2496","1":"product","2":"type-product","3":"status-publish","4":"has-post-thumbnail","6":"product_cat-romane-tregime-novela","7":"description-off","9":"first","10":"instock","11":"shipping-taxable","12":"product-type-simple"},"_links":{"self":[{"href":"https:\/\/kad.al\/index.php\/wp-json\/wp\/v2\/product\/2496","targetHints":{"allow":["GET"]}}],"collection":[{"href":"https:\/\/kad.al\/index.php\/wp-json\/wp\/v2\/product"}],"about":[{"href":"https:\/\/kad.al\/index.php\/wp-json\/wp\/v2\/types\/product"}],"wp:featuredmedia":[{"embeddable":true,"href":"https:\/\/kad.al\/index.php\/wp-json\/wp\/v2\/media\/2497"}],"wp:attachment":[{"href":"https:\/\/kad.al\/index.php\/wp-json\/wp\/v2\/media?parent=2496"}],"wp:term":[{"taxonomy":"product_brand","embeddable":true,"href":"https:\/\/kad.al\/index.php\/wp-json\/wp\/v2\/product_brand?post=2496"},{"taxonomy":"product_cat","embeddable":true,"href":"https:\/\/kad.al\/index.php\/wp-json\/wp\/v2\/product_cat?post=2496"},{"taxonomy":"product_tag","embeddable":true,"href":"https:\/\/kad.al\/index.php\/wp-json\/wp\/v2\/product_tag?post=2496"}],"curies":[{"name":"wp","href":"https:\/\/api.w.org\/{rel}","templated":true}]}}