{"id":2493,"date":"2025-06-28T11:55:48","date_gmt":"2025-06-28T11:55:48","guid":{"rendered":"https:\/\/kad.al\/?post_type=product&#038;p=2493"},"modified":"2025-06-28T12:00:34","modified_gmt":"2025-06-28T12:00:34","slug":"vepra-5-bashkim-hoxha","status":"publish","type":"product","link":"https:\/\/kad.al\/index.php\/product\/vepra-5-bashkim-hoxha\/","title":{"rendered":"VEPRA 5 &#8211; Bashkim Hoxha"},"content":{"rendered":"","protected":false},"excerpt":{"rendered":"<div class=\"flex w-full flex-col gap-1 empty:hidden first:pt-[3px]\">\n<p><b>MOT I KEQ P\u00cbR DASHURI<br \/>\nROMANC\u00cb N\u00cb DIT\u00cbN E KRIMIT<br \/>\nDUARTROKIT\u00cbSIT<\/b><\/p>\n<p>Bashkim Hoxha<\/p>\n<p data-start=\"107\" data-end=\"129\">ISBN 978-9928-940-81-0<\/p>\n<p data-start=\"131\" data-end=\"140\">328 faqe<\/p>\n<\/div>\n<div class=\"flex w-full flex-col gap-1 empty:hidden first:pt-[3px]\">Vepra 5 \u00ebsht\u00eb vazhdimi i kolan\u00ebs s\u00eb plot\u00eb t\u00eb shkrimtarit Bashkim Hoxha. N\u00eb t\u00eb jan\u00eb pjes\u00eb <em>Mot i keq p\u00ebr dashuri<\/em>, <em>Romanc\u00eb n\u00eb dit\u00ebn e krimit <\/em>dhe <em>Duartrokit\u00ebsit.<\/em><\/div>\n","protected":false},"featured_media":2494,"template":"","meta":[],"product_brand":[],"product_cat":[23],"product_tag":[],"class_list":{"0":"post-2493","1":"product","2":"type-product","3":"status-publish","4":"has-post-thumbnail","6":"product_cat-romane-tregime-novela","7":"description-off","9":"first","10":"instock","11":"shipping-taxable","12":"product-type-simple"},"_links":{"self":[{"href":"https:\/\/kad.al\/index.php\/wp-json\/wp\/v2\/product\/2493","targetHints":{"allow":["GET"]}}],"collection":[{"href":"https:\/\/kad.al\/index.php\/wp-json\/wp\/v2\/product"}],"about":[{"href":"https:\/\/kad.al\/index.php\/wp-json\/wp\/v2\/types\/product"}],"wp:featuredmedia":[{"embeddable":true,"href":"https:\/\/kad.al\/index.php\/wp-json\/wp\/v2\/media\/2494"}],"wp:attachment":[{"href":"https:\/\/kad.al\/index.php\/wp-json\/wp\/v2\/media?parent=2493"}],"wp:term":[{"taxonomy":"product_brand","embeddable":true,"href":"https:\/\/kad.al\/index.php\/wp-json\/wp\/v2\/product_brand?post=2493"},{"taxonomy":"product_cat","embeddable":true,"href":"https:\/\/kad.al\/index.php\/wp-json\/wp\/v2\/product_cat?post=2493"},{"taxonomy":"product_tag","embeddable":true,"href":"https:\/\/kad.al\/index.php\/wp-json\/wp\/v2\/product_tag?post=2493"}],"curies":[{"name":"wp","href":"https:\/\/api.w.org\/{rel}","templated":true}]}}