{"id":2478,"date":"2025-06-26T12:19:01","date_gmt":"2025-06-26T12:19:01","guid":{"rendered":"https:\/\/kad.al\/?post_type=product&#038;p=2478"},"modified":"2025-06-28T08:01:20","modified_gmt":"2025-06-28T08:01:20","slug":"vepra-2-bashkim-hoxha","status":"publish","type":"product","link":"https:\/\/kad.al\/index.php\/product\/vepra-2-bashkim-hoxha\/","title":{"rendered":"VEPRA 2 &#8211; Bashkim Hoxha"},"content":{"rendered":"","protected":false},"excerpt":{"rendered":"<div class=\"flex w-full flex-col gap-1 empty:hidden first:pt-[3px]\">\n<p><strong>KRONIKAT E MJEGULL\u00cbS<br \/>\n<\/strong><strong>NJ\u00cb DIT\u00cb SI SK\u00cbNDERBEU<br \/>\n<\/strong><strong>Vepra 2<\/strong><\/p>\n<p>Bashkim Hoxha<\/p>\n<p data-start=\"107\" data-end=\"129\">ISBN 978-9928-940-79-7<\/p>\n<p data-start=\"131\" data-end=\"140\">312 Faqe<\/p>\n<\/div>\n<div class=\"flex w-full flex-col gap-1 empty:hidden first:pt-[3px]\">Vepra 2 \u00ebsht\u00eb vazhdimi i kolan\u00ebs s\u00eb plot\u00eb t\u00eb shkrimtarit Bashkim Hoxha. N\u00eb t\u00eb jan\u00eb pjes\u00eb <em>Kronikat e mjegull\u00ebs<\/em> dhe <em>Nj\u00eb dit\u00eb si Sk\u00ebnderbeu.<\/em><\/div>\n","protected":false},"featured_media":2479,"template":"","meta":[],"product_brand":[],"product_cat":[23],"product_tag":[],"class_list":{"0":"post-2478","1":"product","2":"type-product","3":"status-publish","4":"has-post-thumbnail","6":"product_cat-romane-tregime-novela","7":"description-off","9":"first","10":"instock","11":"shipping-taxable","12":"product-type-simple"},"_links":{"self":[{"href":"https:\/\/kad.al\/index.php\/wp-json\/wp\/v2\/product\/2478","targetHints":{"allow":["GET"]}}],"collection":[{"href":"https:\/\/kad.al\/index.php\/wp-json\/wp\/v2\/product"}],"about":[{"href":"https:\/\/kad.al\/index.php\/wp-json\/wp\/v2\/types\/product"}],"wp:featuredmedia":[{"embeddable":true,"href":"https:\/\/kad.al\/index.php\/wp-json\/wp\/v2\/media\/2479"}],"wp:attachment":[{"href":"https:\/\/kad.al\/index.php\/wp-json\/wp\/v2\/media?parent=2478"}],"wp:term":[{"taxonomy":"product_brand","embeddable":true,"href":"https:\/\/kad.al\/index.php\/wp-json\/wp\/v2\/product_brand?post=2478"},{"taxonomy":"product_cat","embeddable":true,"href":"https:\/\/kad.al\/index.php\/wp-json\/wp\/v2\/product_cat?post=2478"},{"taxonomy":"product_tag","embeddable":true,"href":"https:\/\/kad.al\/index.php\/wp-json\/wp\/v2\/product_tag?post=2478"}],"curies":[{"name":"wp","href":"https:\/\/api.w.org\/{rel}","templated":true}]}}