{"id":2468,"date":"2025-05-29T08:19:47","date_gmt":"2025-05-29T08:19:47","guid":{"rendered":"https:\/\/kad.al\/?post_type=product&#038;p=2468"},"modified":"2025-05-29T08:30:37","modified_gmt":"2025-05-29T08:30:37","slug":"profeti-i-lirise-se-kosoves","status":"publish","type":"product","link":"https:\/\/kad.al\/index.php\/product\/profeti-i-lirise-se-kosoves\/","title":{"rendered":"PROFETI I LIRIS\u00cb S\u00cb KOSOV\u00cbS"},"content":{"rendered":"","protected":false},"excerpt":{"rendered":"<div class=\"flex w-full flex-col gap-1 empty:hidden first:pt-[3px]\">\n<p><strong>PROFETI I LIRIS\u00cb S\u00cb KOSOV\u00cbS<\/strong><br \/>\nSHTATORJA N\u00cb BRONZ KUSHTUAR AMBASADOR WILLIAM WALKER<\/p>\n<p>ISBN 978-9928-970-73-5<br data-start=\"113\" data-end=\"116\" \/>\u00c7mimi 1500\u00a0 Lek\u00eb \/\u00a0 15 \u20ac<\/p>\n<p>48 Faqe<\/p>\n<\/div>\n<div class=\"flex w-full flex-col gap-1 empty:hidden first:pt-[3px]\">Skulptori Idriz Balani autor i monumentit t\u00eb ish Ambasadorit t\u00eb OSBE-s\u00eb William Walker, n\u00eb k\u00ebt\u00eb botim\u00a0 t\u00eb shoq\u00ebruar me foto, shpjegon n\u00eb detaje proceset e realizimit t\u00eb vepr\u00ebs, inagurimit t\u00eb saj, jehon\u00ebs n\u00eb media etj.<\/div>\n","protected":false},"featured_media":2469,"template":"","meta":[],"product_brand":[],"product_cat":[26],"product_tag":[],"class_list":{"0":"post-2468","1":"product","2":"type-product","3":"status-publish","4":"has-post-thumbnail","6":"product_cat-fjalore-albume","7":"description-off","9":"first","10":"instock","11":"shipping-taxable","12":"product-type-simple"},"_links":{"self":[{"href":"https:\/\/kad.al\/index.php\/wp-json\/wp\/v2\/product\/2468","targetHints":{"allow":["GET"]}}],"collection":[{"href":"https:\/\/kad.al\/index.php\/wp-json\/wp\/v2\/product"}],"about":[{"href":"https:\/\/kad.al\/index.php\/wp-json\/wp\/v2\/types\/product"}],"wp:featuredmedia":[{"embeddable":true,"href":"https:\/\/kad.al\/index.php\/wp-json\/wp\/v2\/media\/2469"}],"wp:attachment":[{"href":"https:\/\/kad.al\/index.php\/wp-json\/wp\/v2\/media?parent=2468"}],"wp:term":[{"taxonomy":"product_brand","embeddable":true,"href":"https:\/\/kad.al\/index.php\/wp-json\/wp\/v2\/product_brand?post=2468"},{"taxonomy":"product_cat","embeddable":true,"href":"https:\/\/kad.al\/index.php\/wp-json\/wp\/v2\/product_cat?post=2468"},{"taxonomy":"product_tag","embeddable":true,"href":"https:\/\/kad.al\/index.php\/wp-json\/wp\/v2\/product_tag?post=2468"}],"curies":[{"name":"wp","href":"https:\/\/api.w.org\/{rel}","templated":true}]}}