{"id":2449,"date":"2025-05-06T12:48:07","date_gmt":"2025-05-06T12:48:07","guid":{"rendered":"https:\/\/kad.al\/?post_type=product&#038;p=2449"},"modified":"2025-07-07T08:52:48","modified_gmt":"2025-07-07T08:52:48","slug":"historia-e-nje-familjeje","status":"publish","type":"product","link":"https:\/\/kad.al\/index.php\/product\/historia-e-nje-familjeje\/","title":{"rendered":"HISTORIA E NJ\u00cb FAMILJEJE &#8211; V\u00ebllimi I"},"content":{"rendered":"","protected":false},"excerpt":{"rendered":"<div class=\"flex w-full flex-col gap-1 empty:hidden first:pt-[3px]\">\n<p>HISTORIA E NJ\u00cb FAMILJEJE<br \/>\n<strong>V\u00ebllimi I<\/strong><br \/>\nNestor Topen\u00e7arov<\/p>\n<p>ISBN 978-9928-940-52-0<br data-start=\"113\" data-end=\"116\" \/>\u00c7mimi 1500\u00a0 Lek\u00eb<\/p>\n<p>430 faqe<\/p>\n<\/div>\n<div class=\"flex w-full flex-col gap-1 empty:hidden first:pt-[3px]\">Historia e nj\u00eb familje sjell dokumenta &#8211; analiza &#8211; konkluzione p\u00ebr familjen Topen\u00e7arov, nj\u00eb nga familjet e persekutuara t\u00eb koh\u00ebs s\u00eb diktatur\u00ebs.<\/div>\n","protected":false},"featured_media":2450,"template":"","meta":[],"product_brand":[],"product_cat":[22],"product_tag":[],"class_list":{"0":"post-2449","1":"product","2":"type-product","3":"status-publish","4":"has-post-thumbnail","6":"product_cat-histori","7":"description-off","9":"first","10":"instock","11":"shipping-taxable","12":"product-type-simple"},"_links":{"self":[{"href":"https:\/\/kad.al\/index.php\/wp-json\/wp\/v2\/product\/2449","targetHints":{"allow":["GET"]}}],"collection":[{"href":"https:\/\/kad.al\/index.php\/wp-json\/wp\/v2\/product"}],"about":[{"href":"https:\/\/kad.al\/index.php\/wp-json\/wp\/v2\/types\/product"}],"wp:featuredmedia":[{"embeddable":true,"href":"https:\/\/kad.al\/index.php\/wp-json\/wp\/v2\/media\/2450"}],"wp:attachment":[{"href":"https:\/\/kad.al\/index.php\/wp-json\/wp\/v2\/media?parent=2449"}],"wp:term":[{"taxonomy":"product_brand","embeddable":true,"href":"https:\/\/kad.al\/index.php\/wp-json\/wp\/v2\/product_brand?post=2449"},{"taxonomy":"product_cat","embeddable":true,"href":"https:\/\/kad.al\/index.php\/wp-json\/wp\/v2\/product_cat?post=2449"},{"taxonomy":"product_tag","embeddable":true,"href":"https:\/\/kad.al\/index.php\/wp-json\/wp\/v2\/product_tag?post=2449"}],"curies":[{"name":"wp","href":"https:\/\/api.w.org\/{rel}","templated":true}]}}