{"id":2424,"date":"2025-04-30T11:19:09","date_gmt":"2025-04-30T11:19:09","guid":{"rendered":"https:\/\/kad.al\/?post_type=product&#038;p=2424"},"modified":"2025-07-05T09:08:34","modified_gmt":"2025-07-05T09:08:34","slug":"kanuni-i-nderit","status":"publish","type":"product","link":"https:\/\/kad.al\/index.php\/product\/kanuni-i-nderit\/","title":{"rendered":"KANUNI I NDERIT"},"content":{"rendered":"","protected":false},"excerpt":{"rendered":"<p><strong>KANUNI I NDERIT<\/strong><\/p>\n<p><i>G\u00ebzim Zilja<\/i><\/p>\n<p>ISBN 978-9928-940-64-3<\/p>\n<p>\u00c7mimi 1200 Lek\u00eb<\/p>\n<p>216 Faqe<\/p>\n<p>\u201c &#8230; Jo vet\u00ebm kund\u00ebrshtar\u00ebt e kombit, por edhe shum\u00eb do pedanta vendas e muhaxhir\u00eb t\u00eb shtetit shqiptar, Kanunin e mbajn\u00eb ligj\u00eb barbar\u00eb e popullsin\u00eb ku Kanuni pat vler\u00eb juridike p\u00ebr njer\u00ebz t\u00eb egj\u00ebr&#8230; Ligjet e Kanunit t\u00eb Lek\u00eb Dukagjinit p\u00ebrkojn\u00eb me ato t\u00eb Rom\u00ebs, Bizantit, t\u00eb Kanunit doksuer t\u00eb teuton\u00ebve, t\u00eb sllav\u00ebve, hindian\u00ebve, ase (q\u00eb) nuk hyjn\u00eb n\u00eb rrethin e ligjeve barbare&#8230; P\u00ebrfundimi \u00ebsht\u00eb i qart\u00eb: Nuk ka sesi ndryshe nga t\u00eb gjith\u00eb popujt e bot\u00ebs vet\u00ebm Kanuni yn\u00eb t\u00eb jet\u00eb ligj barbar&#8230;\u201d<br \/>\n<strong>At\u2019 Gjergj Fishta ( (1871-1940). <\/strong><\/p>\n<p>&nbsp;<\/p>\n<p>&nbsp;<\/p>\n","protected":false},"featured_media":2429,"template":"","meta":[],"product_brand":[],"product_cat":[21],"product_tag":[],"class_list":{"0":"post-2424","1":"product","2":"type-product","3":"status-publish","4":"has-post-thumbnail","6":"product_cat-studime-shkencore-dhe-monografi","7":"description-off","9":"first","10":"instock","11":"shipping-taxable","12":"product-type-simple"},"_links":{"self":[{"href":"https:\/\/kad.al\/index.php\/wp-json\/wp\/v2\/product\/2424","targetHints":{"allow":["GET"]}}],"collection":[{"href":"https:\/\/kad.al\/index.php\/wp-json\/wp\/v2\/product"}],"about":[{"href":"https:\/\/kad.al\/index.php\/wp-json\/wp\/v2\/types\/product"}],"wp:featuredmedia":[{"embeddable":true,"href":"https:\/\/kad.al\/index.php\/wp-json\/wp\/v2\/media\/2429"}],"wp:attachment":[{"href":"https:\/\/kad.al\/index.php\/wp-json\/wp\/v2\/media?parent=2424"}],"wp:term":[{"taxonomy":"product_brand","embeddable":true,"href":"https:\/\/kad.al\/index.php\/wp-json\/wp\/v2\/product_brand?post=2424"},{"taxonomy":"product_cat","embeddable":true,"href":"https:\/\/kad.al\/index.php\/wp-json\/wp\/v2\/product_cat?post=2424"},{"taxonomy":"product_tag","embeddable":true,"href":"https:\/\/kad.al\/index.php\/wp-json\/wp\/v2\/product_tag?post=2424"}],"curies":[{"name":"wp","href":"https:\/\/api.w.org\/{rel}","templated":true}]}}