{"id":2415,"date":"2025-04-19T07:27:35","date_gmt":"2025-04-19T07:27:35","guid":{"rendered":"https:\/\/kad.al\/?post_type=product&#038;p=2415"},"modified":"2025-04-19T09:34:57","modified_gmt":"2025-04-19T09:34:57","slug":"blu-psalm","status":"publish","type":"product","link":"https:\/\/kad.al\/index.php\/product\/blu-psalm\/","title":{"rendered":"BLU PSALM"},"content":{"rendered":"","protected":false},"excerpt":{"rendered":"<p><strong>BLU PSALM<\/strong><\/p>\n<p><i>Rei F. Hodo<\/i><\/p>\n<p>ISBN 978-9928-940-60-5<\/p>\n<p>\u00c7mimi 1200 Lek\u00eb \/ 12 \u20ac<\/p>\n<p>100 Faqe<\/p>\n<p>Shtat\u00eb cikle me rreth 65 poezi dhe nj\u00eb cik\u00ebl m\u00eb vete midis me gjasht\u00eb poema \u00ebsht\u00eb sfida e radh\u00ebs e poetit Rei F. Hodo n\u00eb p\u00ebrmbledhjen m\u00eb t\u00eb re, titulluar \u201cBlu psalm\u201d.<\/p>\n<p>&nbsp;<\/p>\n<p>&nbsp;<\/p>\n","protected":false},"featured_media":2420,"template":"","meta":[],"product_brand":[],"product_cat":[24],"product_tag":[],"class_list":{"0":"post-2415","1":"product","2":"type-product","3":"status-publish","4":"has-post-thumbnail","6":"product_cat-poezi","7":"description-off","9":"first","10":"instock","11":"shipping-taxable","12":"product-type-simple"},"_links":{"self":[{"href":"https:\/\/kad.al\/index.php\/wp-json\/wp\/v2\/product\/2415","targetHints":{"allow":["GET"]}}],"collection":[{"href":"https:\/\/kad.al\/index.php\/wp-json\/wp\/v2\/product"}],"about":[{"href":"https:\/\/kad.al\/index.php\/wp-json\/wp\/v2\/types\/product"}],"wp:featuredmedia":[{"embeddable":true,"href":"https:\/\/kad.al\/index.php\/wp-json\/wp\/v2\/media\/2420"}],"wp:attachment":[{"href":"https:\/\/kad.al\/index.php\/wp-json\/wp\/v2\/media?parent=2415"}],"wp:term":[{"taxonomy":"product_brand","embeddable":true,"href":"https:\/\/kad.al\/index.php\/wp-json\/wp\/v2\/product_brand?post=2415"},{"taxonomy":"product_cat","embeddable":true,"href":"https:\/\/kad.al\/index.php\/wp-json\/wp\/v2\/product_cat?post=2415"},{"taxonomy":"product_tag","embeddable":true,"href":"https:\/\/kad.al\/index.php\/wp-json\/wp\/v2\/product_tag?post=2415"}],"curies":[{"name":"wp","href":"https:\/\/api.w.org\/{rel}","templated":true}]}}