{"id":2411,"date":"2025-04-10T13:02:04","date_gmt":"2025-04-10T13:02:04","guid":{"rendered":"https:\/\/kad.al\/?post_type=product&#038;p=2411"},"modified":"2025-07-05T08:46:30","modified_gmt":"2025-07-05T08:46:30","slug":"enciklopedi-e-filmit-shqiptar-1904-2022","status":"publish","type":"product","link":"https:\/\/kad.al\/index.php\/product\/enciklopedi-e-filmit-shqiptar-1904-2022\/","title":{"rendered":"ENCIKLOPEDI E FILMIT SHQIPTAR 1904-2022"},"content":{"rendered":"","protected":false},"excerpt":{"rendered":"<p><strong>ENCIKLOPEDI E FILMIT SHQIPTAR 1904-2022<\/strong><\/p>\n<p><strong><i>Irini Asqeri<\/i><\/strong><\/p>\n<p>ISBN 978-9928-940-44-5<\/p>\n<p>\u00c7mimi 7000 Lek\u00eb<\/p>\n<p>1214 Faqe<\/p>\n<p>&#8230;T\u00eb nd\u00ebrtosh historin\u00eb e kinematografis\u00eb shqiptare n\u00ebp\u00ebrmjet katalogizimit t\u00eb t\u00eb dh\u00ebnave t\u00eb plota, nuk ka qen\u00eb e leht\u00eb. P\u00ebr her\u00eb t\u00eb par\u00eb kjo renditje kaq e klasifikuar n\u00ebp\u00ebrmjet temave dhe trajtimeve, e b\u00ebn m\u00eb t\u00eb qart\u00eb \u00e7far\u00eb ka qen\u00eb e mundshme t\u00eb mbetet edhe si d\u00ebshmi ose si arritje, si kan\u00eb dep\u00ebrtuar p\u00ebr t\u00eb mbetur gjall\u00eb n\u00eb imazh si fytyra t\u00eb ekranit aktor\u00ebt shqiptar\u00eb, q\u00eb i kan\u00eb dh\u00ebn\u00eb jet\u00eb kinematografis\u00eb shqiptare, si jan\u00eb shfaqur fabula t\u00eb ndryshme t\u00eb jet\u00ebs shqiptare duke l\u00ebn\u00eb gjurm\u00eb t\u00eb tipareve t\u00eb \u00e7do periudhe dhe t\u00eb \u00e7do autori, si n\u00eb filmin artistik, dokumentar, kronikal, deri sa vijn\u00eb edhe arritjet e ve\u00e7anta t\u00eb filmit t\u00eb animuar&#8230;<\/p>\n<p><strong><em>Nga parath\u00ebnia e Natasha Lakos<\/em><\/strong><\/p>\n<p>&nbsp;<\/p>\n<p>&nbsp;<\/p>\n","protected":false},"featured_media":2412,"template":"","meta":[],"product_brand":[],"product_cat":[21],"product_tag":[],"class_list":{"0":"post-2411","1":"product","2":"type-product","3":"status-publish","4":"has-post-thumbnail","6":"product_cat-studime-shkencore-dhe-monografi","7":"description-off","9":"first","10":"instock","11":"shipping-taxable","12":"product-type-simple"},"_links":{"self":[{"href":"https:\/\/kad.al\/index.php\/wp-json\/wp\/v2\/product\/2411","targetHints":{"allow":["GET"]}}],"collection":[{"href":"https:\/\/kad.al\/index.php\/wp-json\/wp\/v2\/product"}],"about":[{"href":"https:\/\/kad.al\/index.php\/wp-json\/wp\/v2\/types\/product"}],"wp:featuredmedia":[{"embeddable":true,"href":"https:\/\/kad.al\/index.php\/wp-json\/wp\/v2\/media\/2412"}],"wp:attachment":[{"href":"https:\/\/kad.al\/index.php\/wp-json\/wp\/v2\/media?parent=2411"}],"wp:term":[{"taxonomy":"product_brand","embeddable":true,"href":"https:\/\/kad.al\/index.php\/wp-json\/wp\/v2\/product_brand?post=2411"},{"taxonomy":"product_cat","embeddable":true,"href":"https:\/\/kad.al\/index.php\/wp-json\/wp\/v2\/product_cat?post=2411"},{"taxonomy":"product_tag","embeddable":true,"href":"https:\/\/kad.al\/index.php\/wp-json\/wp\/v2\/product_tag?post=2411"}],"curies":[{"name":"wp","href":"https:\/\/api.w.org\/{rel}","templated":true}]}}