{"id":2389,"date":"2025-01-16T12:57:36","date_gmt":"2025-01-16T12:57:36","guid":{"rendered":"https:\/\/kad.al\/?post_type=product&#038;p=2389"},"modified":"2025-07-08T06:33:53","modified_gmt":"2025-07-08T06:33:53","slug":"koncert-ne-diten-e-gomarit","status":"publish","type":"product","link":"https:\/\/kad.al\/index.php\/product\/koncert-ne-diten-e-gomarit\/","title":{"rendered":"KONCERT N\u00cb DIT\u00cbN E GOMARIT"},"content":{"rendered":"","protected":false},"excerpt":{"rendered":"<p><strong>KONCERT N\u00cb DIT\u00cbN E GOMARIT<br \/>\n<\/strong><\/p>\n<p><strong><em>Bashkim Hoxha<\/em><\/strong><\/p>\n<p>ISBN 978-9928-940-32-2<\/p>\n<p>\u00c7mimi 800 Lek\u00eb<\/p>\n<p>134 faqe<\/p>\n<p style=\"text-align: left;\">Romani m\u00eb i ri nga Bashkim Hoxha<\/p>\n","protected":false},"featured_media":2396,"template":"","meta":[],"product_brand":[],"product_cat":[23],"product_tag":[],"class_list":{"0":"post-2389","1":"product","2":"type-product","3":"status-publish","4":"has-post-thumbnail","6":"product_cat-romane-tregime-novela","7":"description-off","9":"first","10":"instock","11":"shipping-taxable","12":"product-type-simple"},"_links":{"self":[{"href":"https:\/\/kad.al\/index.php\/wp-json\/wp\/v2\/product\/2389","targetHints":{"allow":["GET"]}}],"collection":[{"href":"https:\/\/kad.al\/index.php\/wp-json\/wp\/v2\/product"}],"about":[{"href":"https:\/\/kad.al\/index.php\/wp-json\/wp\/v2\/types\/product"}],"wp:featuredmedia":[{"embeddable":true,"href":"https:\/\/kad.al\/index.php\/wp-json\/wp\/v2\/media\/2396"}],"wp:attachment":[{"href":"https:\/\/kad.al\/index.php\/wp-json\/wp\/v2\/media?parent=2389"}],"wp:term":[{"taxonomy":"product_brand","embeddable":true,"href":"https:\/\/kad.al\/index.php\/wp-json\/wp\/v2\/product_brand?post=2389"},{"taxonomy":"product_cat","embeddable":true,"href":"https:\/\/kad.al\/index.php\/wp-json\/wp\/v2\/product_cat?post=2389"},{"taxonomy":"product_tag","embeddable":true,"href":"https:\/\/kad.al\/index.php\/wp-json\/wp\/v2\/product_tag?post=2389"}],"curies":[{"name":"wp","href":"https:\/\/api.w.org\/{rel}","templated":true}]}}