{"id":2381,"date":"2025-01-16T12:15:10","date_gmt":"2025-01-16T12:15:10","guid":{"rendered":"https:\/\/kad.al\/?post_type=product&#038;p=2381"},"modified":"2025-01-16T12:22:04","modified_gmt":"2025-01-16T12:22:04","slug":"zoteria-hajdut-arsen-lupen","status":"publish","type":"product","link":"https:\/\/kad.al\/index.php\/product\/zoteria-hajdut-arsen-lupen\/","title":{"rendered":"ZOT\u00cbRIA HAJDUT ARSEN LUPEN"},"content":{"rendered":"","protected":false},"excerpt":{"rendered":"<p><strong>ZOT\u00cbRIA HAJDUT ARSEN LUPEN<br \/>\n<\/strong><\/p>\n<p><b><i>Maurice Leblanc<\/i><\/b><\/p>\n<p>ISBN 978-9928-811-91-2<\/p>\n<p>\u00c7mimi 1200 Lek\u00eb \/ 12 \u20ac<\/p>\n<p>156 faqe<\/p>\n<p style=\"text-align: left;\">Nj\u00eb klasik i let\u00ebrsis\u00eb policeske franceze n\u00eb nj\u00eb variant t\u00eb ilustruar mrekullisht.<\/p>\n<p>Illustrimet nga Vincent Malli\u00e9<\/p>\n","protected":false},"featured_media":2382,"template":"","meta":[],"product_brand":[],"product_cat":[25],"product_tag":[],"class_list":{"0":"post-2381","1":"product","2":"type-product","3":"status-publish","4":"has-post-thumbnail","6":"product_cat-letersi-per-femije-dhe-te-rinj","7":"description-off","9":"first","10":"instock","11":"shipping-taxable","12":"product-type-simple"},"_links":{"self":[{"href":"https:\/\/kad.al\/index.php\/wp-json\/wp\/v2\/product\/2381","targetHints":{"allow":["GET"]}}],"collection":[{"href":"https:\/\/kad.al\/index.php\/wp-json\/wp\/v2\/product"}],"about":[{"href":"https:\/\/kad.al\/index.php\/wp-json\/wp\/v2\/types\/product"}],"wp:featuredmedia":[{"embeddable":true,"href":"https:\/\/kad.al\/index.php\/wp-json\/wp\/v2\/media\/2382"}],"wp:attachment":[{"href":"https:\/\/kad.al\/index.php\/wp-json\/wp\/v2\/media?parent=2381"}],"wp:term":[{"taxonomy":"product_brand","embeddable":true,"href":"https:\/\/kad.al\/index.php\/wp-json\/wp\/v2\/product_brand?post=2381"},{"taxonomy":"product_cat","embeddable":true,"href":"https:\/\/kad.al\/index.php\/wp-json\/wp\/v2\/product_cat?post=2381"},{"taxonomy":"product_tag","embeddable":true,"href":"https:\/\/kad.al\/index.php\/wp-json\/wp\/v2\/product_tag?post=2381"}],"curies":[{"name":"wp","href":"https:\/\/api.w.org\/{rel}","templated":true}]}}