{"id":2372,"date":"2025-01-16T10:27:29","date_gmt":"2025-01-16T10:27:29","guid":{"rendered":"https:\/\/kad.al\/?post_type=product&#038;p=2372"},"modified":"2025-01-16T10:38:59","modified_gmt":"2025-01-16T10:38:59","slug":"viseve-te-eseistikes-dhe-kritikes","status":"publish","type":"product","link":"https:\/\/kad.al\/index.php\/product\/viseve-te-eseistikes-dhe-kritikes\/","title":{"rendered":"VISEVE T\u00cb ESEISTIK\u00cbS DHE KRITIK\u00cbS"},"content":{"rendered":"","protected":false},"excerpt":{"rendered":"<p><strong>VISEVE T\u00cb ESEISTIK\u00cbS DHE KRITIK\u00cbS<\/strong><\/p>\n<p><b><i>Emrije Krosi<\/i><\/b><\/p>\n<p>ISBN 978-9928-940-19-3<\/p>\n<p>\u00c7mimi 1500 Lek\u00eb \/ 15 \u20ac<\/p>\n<p>490 Faqe<\/p>\n<p><span style=\"font-weight: 400;\">Vepra studimore, k\u00ebrkimore dhe kritike e studiueses, analizueses dhe poetes znj. Emrije Krosi &#8220;Viseve t\u00eb eseistik\u00ebs dhe kritik\u00ebs&#8221; (Ese dhe kritika), \u00ebsht\u00eb nj\u00eb lib\u00ebr i rrall\u00eb studimor dhe kritik n\u00eb k\u00ebt\u00eb koh\u00eb kur ka marr\u00eb hov botimi i veprave letrare n\u00eb proz\u00eb e poezi, n\u00eb t\u00eb shumt\u00ebn e rasteve pa asnj\u00eb kriter p\u00ebrzgjedh\u00ebs p\u00ebr botimin e tyre. Kjo vep\u00ebr do t\u00eb jap\u00eb nj\u00eb kontribut t\u00eb jasht\u00ebzakonsh\u00ebn n\u00eb krijimtarin\u00eb letrare, qoft\u00eb n\u00eb proz\u00eb ose n\u00eb poezi, q\u00eb t\u00eb vihet n\u00eb binar\u00eb t\u00eb duhur p\u00ebr aq sa \u00ebsht\u00eb e mundur, sepse nuk ka let\u00ebrsi t\u00eb mir\u00ebfillt\u00eb pa vler\u00ebsim t\u00eb mir\u00ebfillt\u00eb kritik, analitik dhe k\u00ebshillues. <\/span><\/p>\n<p>&nbsp;<\/p>\n","protected":false},"featured_media":2373,"template":"","meta":[],"product_brand":[],"product_cat":[26],"product_tag":[],"class_list":{"0":"post-2372","1":"product","2":"type-product","3":"status-publish","4":"has-post-thumbnail","6":"product_cat-fjalore-albume","7":"description-off","9":"first","10":"instock","11":"shipping-taxable","12":"product-type-simple"},"_links":{"self":[{"href":"https:\/\/kad.al\/index.php\/wp-json\/wp\/v2\/product\/2372","targetHints":{"allow":["GET"]}}],"collection":[{"href":"https:\/\/kad.al\/index.php\/wp-json\/wp\/v2\/product"}],"about":[{"href":"https:\/\/kad.al\/index.php\/wp-json\/wp\/v2\/types\/product"}],"wp:featuredmedia":[{"embeddable":true,"href":"https:\/\/kad.al\/index.php\/wp-json\/wp\/v2\/media\/2373"}],"wp:attachment":[{"href":"https:\/\/kad.al\/index.php\/wp-json\/wp\/v2\/media?parent=2372"}],"wp:term":[{"taxonomy":"product_brand","embeddable":true,"href":"https:\/\/kad.al\/index.php\/wp-json\/wp\/v2\/product_brand?post=2372"},{"taxonomy":"product_cat","embeddable":true,"href":"https:\/\/kad.al\/index.php\/wp-json\/wp\/v2\/product_cat?post=2372"},{"taxonomy":"product_tag","embeddable":true,"href":"https:\/\/kad.al\/index.php\/wp-json\/wp\/v2\/product_tag?post=2372"}],"curies":[{"name":"wp","href":"https:\/\/api.w.org\/{rel}","templated":true}]}}