{"id":2366,"date":"2025-01-16T10:02:39","date_gmt":"2025-01-16T10:02:39","guid":{"rendered":"https:\/\/kad.al\/?post_type=product&#038;p=2366"},"modified":"2025-07-05T09:22:07","modified_gmt":"2025-07-05T09:22:07","slug":"mirush-kabashi-sokrati-shqiptar","status":"publish","type":"product","link":"https:\/\/kad.al\/index.php\/product\/mirush-kabashi-sokrati-shqiptar\/","title":{"rendered":"MIRUSH KABASHI SOKRATI SHQIPTAR"},"content":{"rendered":"","protected":false},"excerpt":{"rendered":"<p><strong>MIRUSH KABASHI SOKRATI SHQIPTAR<\/strong><\/p>\n<p><b><i>Kuratore e botimit Dr. Driada Dervishi<\/i><\/b><\/p>\n<p>ISBN 978-9928-940-27-8<\/p>\n<p>\u00c7mimi 5000 Lek\u00eb<\/p>\n<p>268 Faqe<\/p>\n<p>Monografia i kushtohet aktorit t\u00eb madh shqiptar Mirush Kabashi. N\u00eb t\u00eb pasqyrohet jeta dhe veprimtaria e tij nga f\u00ebmij\u00ebria deri ke roli i fundit. Libri na njeh dhe me detaje t\u00eb panjohura m\u00eb par\u00eb p\u00ebr aritistin t\u00eb shoq\u00ebruara me fotografi.<\/p>\n<p>&nbsp;<\/p>\n<p>&nbsp;<\/p>\n","protected":false},"featured_media":2367,"template":"","meta":[],"product_brand":[],"product_cat":[21],"product_tag":[],"class_list":{"0":"post-2366","1":"product","2":"type-product","3":"status-publish","4":"has-post-thumbnail","6":"product_cat-studime-shkencore-dhe-monografi","7":"description-off","9":"first","10":"instock","11":"shipping-taxable","12":"product-type-simple"},"_links":{"self":[{"href":"https:\/\/kad.al\/index.php\/wp-json\/wp\/v2\/product\/2366","targetHints":{"allow":["GET"]}}],"collection":[{"href":"https:\/\/kad.al\/index.php\/wp-json\/wp\/v2\/product"}],"about":[{"href":"https:\/\/kad.al\/index.php\/wp-json\/wp\/v2\/types\/product"}],"wp:featuredmedia":[{"embeddable":true,"href":"https:\/\/kad.al\/index.php\/wp-json\/wp\/v2\/media\/2367"}],"wp:attachment":[{"href":"https:\/\/kad.al\/index.php\/wp-json\/wp\/v2\/media?parent=2366"}],"wp:term":[{"taxonomy":"product_brand","embeddable":true,"href":"https:\/\/kad.al\/index.php\/wp-json\/wp\/v2\/product_brand?post=2366"},{"taxonomy":"product_cat","embeddable":true,"href":"https:\/\/kad.al\/index.php\/wp-json\/wp\/v2\/product_cat?post=2366"},{"taxonomy":"product_tag","embeddable":true,"href":"https:\/\/kad.al\/index.php\/wp-json\/wp\/v2\/product_tag?post=2366"}],"curies":[{"name":"wp","href":"https:\/\/api.w.org\/{rel}","templated":true}]}}