{"id":2333,"date":"2024-09-13T14:06:41","date_gmt":"2024-09-13T14:06:41","guid":{"rendered":"https:\/\/kad.al\/?post_type=product&#038;p=2333"},"modified":"2024-09-13T14:10:54","modified_gmt":"2024-09-13T14:10:54","slug":"i-semuri-per-mend","status":"publish","type":"product","link":"https:\/\/kad.al\/index.php\/product\/i-semuri-per-mend\/","title":{"rendered":"I S\u00cbMURI P\u00cbR MEND"},"content":{"rendered":"","protected":false},"excerpt":{"rendered":"<p><strong>I S\u00cbMURI P\u00cbR MEND<\/strong><\/p>\n<p><em><strong>Molier<\/strong><\/em><\/p>\n<p>ISBN 978 -9928 -811- 92 -9<\/p>\n<p>\u00c7mimi 1000 Lek\u00eb \/ 10 \u20ac<\/p>\n<p>140 Faqe<\/p>\n<p>Nj\u00eb nga\u00a0 komedit\u00eb m\u00eb t\u00eb njohura nga Molier.<\/p>\n<p>Gjerdani i p\u00ebrkthimeve t\u00eb\u00a0Prokop M. Gjergo.<\/p>\n","protected":false},"featured_media":2334,"template":"","meta":[],"product_brand":[],"product_cat":[27],"product_tag":[],"class_list":{"0":"post-2333","1":"product","2":"type-product","3":"status-publish","4":"has-post-thumbnail","6":"product_cat-letersia-klasike","7":"description-off","9":"first","10":"instock","11":"shipping-taxable","12":"product-type-simple"},"_links":{"self":[{"href":"https:\/\/kad.al\/index.php\/wp-json\/wp\/v2\/product\/2333","targetHints":{"allow":["GET"]}}],"collection":[{"href":"https:\/\/kad.al\/index.php\/wp-json\/wp\/v2\/product"}],"about":[{"href":"https:\/\/kad.al\/index.php\/wp-json\/wp\/v2\/types\/product"}],"wp:featuredmedia":[{"embeddable":true,"href":"https:\/\/kad.al\/index.php\/wp-json\/wp\/v2\/media\/2334"}],"wp:attachment":[{"href":"https:\/\/kad.al\/index.php\/wp-json\/wp\/v2\/media?parent=2333"}],"wp:term":[{"taxonomy":"product_brand","embeddable":true,"href":"https:\/\/kad.al\/index.php\/wp-json\/wp\/v2\/product_brand?post=2333"},{"taxonomy":"product_cat","embeddable":true,"href":"https:\/\/kad.al\/index.php\/wp-json\/wp\/v2\/product_cat?post=2333"},{"taxonomy":"product_tag","embeddable":true,"href":"https:\/\/kad.al\/index.php\/wp-json\/wp\/v2\/product_tag?post=2333"}],"curies":[{"name":"wp","href":"https:\/\/api.w.org\/{rel}","templated":true}]}}