{"id":2330,"date":"2024-09-13T13:51:24","date_gmt":"2024-09-13T13:51:24","guid":{"rendered":"https:\/\/kad.al\/?post_type=product&#038;p=2330"},"modified":"2024-09-13T14:04:03","modified_gmt":"2024-09-13T14:04:03","slug":"ne-gjurme-te-fjales","status":"publish","type":"product","link":"https:\/\/kad.al\/index.php\/product\/ne-gjurme-te-fjales\/","title":{"rendered":"N\u00cb GJURM\u00cb T\u00cb FJAL\u00cbS"},"content":{"rendered":"","protected":false},"excerpt":{"rendered":"<p><b>N\u00cb GJURM\u00cb T\u00cb FJAL\u00cbS<\/b><\/p>\n<p><strong><em>Raimonda Moisiu Sade<\/em><\/strong><\/p>\n<p>ISBN 978-9928-811-60-8<\/p>\n<p>\u00c7mimi 1200 Lek\u00eb \/ 12 \u20ac<\/p>\n<p>432 Faqe<\/p>\n<p>lnteresimi i autores rrok t\u00eb gjitha gjinit\u00eb letrare sipas klasifikimit t\u00eb hersh\u00ebm aristotelian: liriken, epiken, dramatiken. At\u00eb e t\u00ebrheq gjer\u00ebsia e pasqyrimit t\u00eb jet\u00ebs me konfliktet, kompeksitetin e marr\u00ebdh\u00ebnieve njerzore dhe zhbirimet e thelluara n\u00eb shpirtin njer\u00ebzor te romani, ngroht\u00ebsia e ndjenj\u00ebs bashk\u00eb me drith\u00ebrimat e shpirtit te poezia, dhe p\u00ebrplasjet e fateve njer\u00ebzore te drama. N\u00eb fokus t\u00eb vler\u00ebsimeve t\u00eb saj jan\u00eb autor\u00eb e vepra q\u00eb kan\u00eb t\u00ebrhequr v\u00ebmendjen e lexuesit dhe t\u00eb kritik\u00ebs letrare, dekada m\u00eb par\u00eb, por dhe autor\u00eb e vepra q\u00eb sjellin me fjal\u00ebn e tyre nj\u00eb kontribut krejt t\u00eb ri letrar.<\/p>\n<p>lzet DURAKU<\/p>\n<p>nga &#8220;Parathenia&#8221;<\/p>\n","protected":false},"featured_media":2331,"template":"","meta":[],"product_brand":[],"product_cat":[26],"product_tag":[],"class_list":{"0":"post-2330","1":"product","2":"type-product","3":"status-publish","4":"has-post-thumbnail","6":"product_cat-fjalore-albume","7":"description-off","9":"first","10":"instock","11":"shipping-taxable","12":"product-type-simple"},"_links":{"self":[{"href":"https:\/\/kad.al\/index.php\/wp-json\/wp\/v2\/product\/2330","targetHints":{"allow":["GET"]}}],"collection":[{"href":"https:\/\/kad.al\/index.php\/wp-json\/wp\/v2\/product"}],"about":[{"href":"https:\/\/kad.al\/index.php\/wp-json\/wp\/v2\/types\/product"}],"wp:featuredmedia":[{"embeddable":true,"href":"https:\/\/kad.al\/index.php\/wp-json\/wp\/v2\/media\/2331"}],"wp:attachment":[{"href":"https:\/\/kad.al\/index.php\/wp-json\/wp\/v2\/media?parent=2330"}],"wp:term":[{"taxonomy":"product_brand","embeddable":true,"href":"https:\/\/kad.al\/index.php\/wp-json\/wp\/v2\/product_brand?post=2330"},{"taxonomy":"product_cat","embeddable":true,"href":"https:\/\/kad.al\/index.php\/wp-json\/wp\/v2\/product_cat?post=2330"},{"taxonomy":"product_tag","embeddable":true,"href":"https:\/\/kad.al\/index.php\/wp-json\/wp\/v2\/product_tag?post=2330"}],"curies":[{"name":"wp","href":"https:\/\/api.w.org\/{rel}","templated":true}]}}