{"id":2327,"date":"2024-09-11T09:27:18","date_gmt":"2024-09-11T09:27:18","guid":{"rendered":"https:\/\/kad.al\/?post_type=product&#038;p=2327"},"modified":"2024-09-11T09:40:07","modified_gmt":"2024-09-11T09:40:07","slug":"pushteti-i-fshehte","status":"publish","type":"product","link":"https:\/\/kad.al\/index.php\/product\/pushteti-i-fshehte\/","title":{"rendered":"PUSHTETI I FSHEHT\u00cb"},"content":{"rendered":"","protected":false},"excerpt":{"rendered":"<p><b>PUSHTETI I FSHEHT\u00cb<\/b><\/p>\n<p><strong><em>Stefania Maurizi<\/em><\/strong><\/p>\n<p>ISBN 978-9928-811-44-8<\/p>\n<p>\u00c7mimi 1500 Lek\u00eb \/ 15 \u20ac<\/p>\n<p>458 Faqe<\/p>\n<p>Historia e nj\u00eb konspiracioni t\u00eb pabesuesh\u00ebm, e sjell\u00eb p\u00ebr lexuesin fal\u00eb rr\u00ebfimit t\u00eb gazetares hulumtuese, e cila ka publikuar lajmet m\u00eb t\u00eb r\u00ebndesishme, duke filluar nga dokumentet e fshehta t\u00eb Wikileaks, dhe me pas, me k\u00ebrkimet e saj mbi \u00e7\u00ebshtjen n\u00eb fjal\u00eb, ka dh\u00ebn\u00eb nj\u00eb ndihmes\u00eb vendimtare n\u00eb betej\u00ebn p\u00ebr shp\u00ebtimin e Julian Assange dhe gazetar\u00ebve t\u00eb tij.<\/p>\n","protected":false},"featured_media":2328,"template":"","meta":[],"product_brand":[],"product_cat":[26],"product_tag":[],"class_list":{"0":"post-2327","1":"product","2":"type-product","3":"status-publish","4":"has-post-thumbnail","6":"product_cat-fjalore-albume","7":"description-off","9":"first","10":"instock","11":"shipping-taxable","12":"product-type-simple"},"_links":{"self":[{"href":"https:\/\/kad.al\/index.php\/wp-json\/wp\/v2\/product\/2327","targetHints":{"allow":["GET"]}}],"collection":[{"href":"https:\/\/kad.al\/index.php\/wp-json\/wp\/v2\/product"}],"about":[{"href":"https:\/\/kad.al\/index.php\/wp-json\/wp\/v2\/types\/product"}],"wp:featuredmedia":[{"embeddable":true,"href":"https:\/\/kad.al\/index.php\/wp-json\/wp\/v2\/media\/2328"}],"wp:attachment":[{"href":"https:\/\/kad.al\/index.php\/wp-json\/wp\/v2\/media?parent=2327"}],"wp:term":[{"taxonomy":"product_brand","embeddable":true,"href":"https:\/\/kad.al\/index.php\/wp-json\/wp\/v2\/product_brand?post=2327"},{"taxonomy":"product_cat","embeddable":true,"href":"https:\/\/kad.al\/index.php\/wp-json\/wp\/v2\/product_cat?post=2327"},{"taxonomy":"product_tag","embeddable":true,"href":"https:\/\/kad.al\/index.php\/wp-json\/wp\/v2\/product_tag?post=2327"}],"curies":[{"name":"wp","href":"https:\/\/api.w.org\/{rel}","templated":true}]}}