{"id":2322,"date":"2024-09-11T09:02:25","date_gmt":"2024-09-11T09:02:25","guid":{"rendered":"https:\/\/kad.al\/?post_type=product&#038;p=2322"},"modified":"2025-07-07T09:01:59","modified_gmt":"2025-07-07T09:01:59","slug":"qyteti-qe-rrefen","status":"publish","type":"product","link":"https:\/\/kad.al\/index.php\/product\/qyteti-qe-rrefen\/","title":{"rendered":"QYTETI Q\u00cb RR\u00cbFEN"},"content":{"rendered":"","protected":false},"excerpt":{"rendered":"<p><strong>QYTETI Q\u00cb RR\u00cbFEN<\/strong><\/p>\n<p><em><strong>Dorian Hatibi<\/strong><\/em><\/p>\n<p>ISBN 978-9928-811-02-8<\/p>\n<p>\u00c7mimi 1200 Lek\u00eb<\/p>\n<p dir=\"ltr\" data-placeholder=\"Translation\">186 Faqe<\/p>\n<p dir=\"ltr\" data-placeholder=\"Translation\">Personazhet n\u00eb vijim jan\u00eb ata q\u00eb historia durrsake duhet dhe do t\u2019i shoh\u00eb gjithmon\u00eb, p\u00ebr t\u00eb njohur domosdoshm\u00ebrisht vetveten m\u00eb mir\u00eb. Madje p\u00ebr t\u00eb njohur an\u00ebn m\u00eb t\u00eb mir\u00eb t\u00eb historis\u00eb s\u00eb saj. At\u00eb an\u00eb q\u00eb mund ve\u00e7se t\u00eb na frym\u00ebzoj\u00eb p\u00ebr t\u00eb qen\u00eb fillimisht njer\u00ebz dhe m\u00eb pas qytetar\u00eb t\u00eb mrekulluesh\u00ebm si Fran\u00e7esko Tedeskini, si Osman Myshketa, si Mikel Nushi, si Halil Myderrizi, si Jozef Ka\u00e7ulini apo si Luigj Vlashi.<\/p>\n<p dir=\"ltr\" style=\"text-align: left;\" data-placeholder=\"Translation\"><em><strong> Autori<\/strong><\/em><\/p>\n","protected":false},"featured_media":2323,"template":"","meta":[],"product_brand":[],"product_cat":[22],"product_tag":[],"class_list":{"0":"post-2322","1":"product","2":"type-product","3":"status-publish","4":"has-post-thumbnail","6":"product_cat-histori","7":"description-off","9":"first","10":"instock","11":"shipping-taxable","12":"product-type-simple"},"_links":{"self":[{"href":"https:\/\/kad.al\/index.php\/wp-json\/wp\/v2\/product\/2322","targetHints":{"allow":["GET"]}}],"collection":[{"href":"https:\/\/kad.al\/index.php\/wp-json\/wp\/v2\/product"}],"about":[{"href":"https:\/\/kad.al\/index.php\/wp-json\/wp\/v2\/types\/product"}],"wp:featuredmedia":[{"embeddable":true,"href":"https:\/\/kad.al\/index.php\/wp-json\/wp\/v2\/media\/2323"}],"wp:attachment":[{"href":"https:\/\/kad.al\/index.php\/wp-json\/wp\/v2\/media?parent=2322"}],"wp:term":[{"taxonomy":"product_brand","embeddable":true,"href":"https:\/\/kad.al\/index.php\/wp-json\/wp\/v2\/product_brand?post=2322"},{"taxonomy":"product_cat","embeddable":true,"href":"https:\/\/kad.al\/index.php\/wp-json\/wp\/v2\/product_cat?post=2322"},{"taxonomy":"product_tag","embeddable":true,"href":"https:\/\/kad.al\/index.php\/wp-json\/wp\/v2\/product_tag?post=2322"}],"curies":[{"name":"wp","href":"https:\/\/api.w.org\/{rel}","templated":true}]}}