{"id":2313,"date":"2024-07-19T13:45:48","date_gmt":"2024-07-19T13:45:48","guid":{"rendered":"https:\/\/kad.al\/?post_type=product&#038;p=2313"},"modified":"2024-07-19T13:51:42","modified_gmt":"2024-07-19T13:51:42","slug":"mbi-nje-gjysme-kafke-bunkeri","status":"publish","type":"product","link":"https:\/\/kad.al\/index.php\/product\/mbi-nje-gjysme-kafke-bunkeri\/","title":{"rendered":"MBI NJ\u00cb GJYSM\u00cb KAFKE BUNKERI"},"content":{"rendered":"","protected":false},"excerpt":{"rendered":"<p><strong>MBI NJ\u00cb GJYSM\u00cb KAFKE BUNKERI<\/strong><\/p>\n<p><em><strong>Armenida Qyqja<\/strong><\/em><\/p>\n<p>ISBN 978-9928-811-61-5<\/p>\n<p>\u00c7mimi 800 Lek\u00eb \/ 8 \u20ac<\/p>\n<p dir=\"ltr\" data-placeholder=\"Translation\">136 Faqe<\/p>\n<p dir=\"ltr\" data-placeholder=\"Translation\">Libri p\u00ebrmban poezi nga autorja Armenida Qyqja.<\/p>\n","protected":false},"featured_media":2314,"template":"","meta":[],"product_brand":[],"product_cat":[24],"product_tag":[],"class_list":{"0":"post-2313","1":"product","2":"type-product","3":"status-publish","4":"has-post-thumbnail","6":"product_cat-poezi","7":"description-off","9":"first","10":"instock","11":"shipping-taxable","12":"product-type-simple"},"_links":{"self":[{"href":"https:\/\/kad.al\/index.php\/wp-json\/wp\/v2\/product\/2313","targetHints":{"allow":["GET"]}}],"collection":[{"href":"https:\/\/kad.al\/index.php\/wp-json\/wp\/v2\/product"}],"about":[{"href":"https:\/\/kad.al\/index.php\/wp-json\/wp\/v2\/types\/product"}],"wp:featuredmedia":[{"embeddable":true,"href":"https:\/\/kad.al\/index.php\/wp-json\/wp\/v2\/media\/2314"}],"wp:attachment":[{"href":"https:\/\/kad.al\/index.php\/wp-json\/wp\/v2\/media?parent=2313"}],"wp:term":[{"taxonomy":"product_brand","embeddable":true,"href":"https:\/\/kad.al\/index.php\/wp-json\/wp\/v2\/product_brand?post=2313"},{"taxonomy":"product_cat","embeddable":true,"href":"https:\/\/kad.al\/index.php\/wp-json\/wp\/v2\/product_cat?post=2313"},{"taxonomy":"product_tag","embeddable":true,"href":"https:\/\/kad.al\/index.php\/wp-json\/wp\/v2\/product_tag?post=2313"}],"curies":[{"name":"wp","href":"https:\/\/api.w.org\/{rel}","templated":true}]}}