{"id":2308,"date":"2024-07-10T14:27:45","date_gmt":"2024-07-10T14:27:45","guid":{"rendered":"https:\/\/kad.al\/?post_type=product&#038;p=2308"},"modified":"2024-07-10T14:34:51","modified_gmt":"2024-07-10T14:34:51","slug":"pylli-me-zemreke-ne-gisht","status":"publish","type":"product","link":"https:\/\/kad.al\/index.php\/product\/pylli-me-zemreke-ne-gisht\/","title":{"rendered":"PYLLI ME ZEMREK\u00cb N\u00cb GISHT"},"content":{"rendered":"","protected":false},"excerpt":{"rendered":"<p><strong>PYLLI ME ZEMREK\u00cb N\u00cb GISHT<\/strong><\/p>\n<p><em><strong>Ruzhdi Gole<\/strong><\/em><\/p>\n<p>ISBN 978-9928-811-66-0<\/p>\n<p>\u00c7mimi 1000 Lek\u00eb \/ 10 \u20ac<\/p>\n<p dir=\"ltr\" data-placeholder=\"Translation\">150 Faqe<\/p>\n<p dir=\"ltr\" data-placeholder=\"Translation\">Libri p\u00ebrmban poezi dhe poe-proza nga poeti Ruzhdi Gole. Botimi \u00ebsht\u00eb cikli i dyt\u00eb pas &#8220;Aj\u00ebr plot kall\u00ebza&#8221;.<\/p>\n","protected":false},"featured_media":2309,"template":"","meta":[],"product_brand":[],"product_cat":[24],"product_tag":[],"class_list":{"0":"post-2308","1":"product","2":"type-product","3":"status-publish","4":"has-post-thumbnail","6":"product_cat-poezi","7":"description-off","9":"first","10":"instock","11":"shipping-taxable","12":"product-type-simple"},"_links":{"self":[{"href":"https:\/\/kad.al\/index.php\/wp-json\/wp\/v2\/product\/2308","targetHints":{"allow":["GET"]}}],"collection":[{"href":"https:\/\/kad.al\/index.php\/wp-json\/wp\/v2\/product"}],"about":[{"href":"https:\/\/kad.al\/index.php\/wp-json\/wp\/v2\/types\/product"}],"wp:featuredmedia":[{"embeddable":true,"href":"https:\/\/kad.al\/index.php\/wp-json\/wp\/v2\/media\/2309"}],"wp:attachment":[{"href":"https:\/\/kad.al\/index.php\/wp-json\/wp\/v2\/media?parent=2308"}],"wp:term":[{"taxonomy":"product_brand","embeddable":true,"href":"https:\/\/kad.al\/index.php\/wp-json\/wp\/v2\/product_brand?post=2308"},{"taxonomy":"product_cat","embeddable":true,"href":"https:\/\/kad.al\/index.php\/wp-json\/wp\/v2\/product_cat?post=2308"},{"taxonomy":"product_tag","embeddable":true,"href":"https:\/\/kad.al\/index.php\/wp-json\/wp\/v2\/product_tag?post=2308"}],"curies":[{"name":"wp","href":"https:\/\/api.w.org\/{rel}","templated":true}]}}