{"id":2303,"date":"2024-07-10T13:49:45","date_gmt":"2024-07-10T13:49:45","guid":{"rendered":"https:\/\/kad.al\/?post_type=product&#038;p=2303"},"modified":"2025-07-10T13:55:38","modified_gmt":"2025-07-10T13:55:38","slug":"ajer-plot-kalleza","status":"publish","type":"product","link":"https:\/\/kad.al\/index.php\/product\/ajer-plot-kalleza\/","title":{"rendered":"AJ\u00cbR PLOT KALL\u00cbZA"},"content":{"rendered":"","protected":false},"excerpt":{"rendered":"<p><strong>AJ\u00cbR PLOT KALL\u00cbZA<\/strong><\/p>\n<p><em><strong>Ruzhdi Gole<\/strong><\/em><\/p>\n<p>ISBN 978-9928-811-67-7<\/p>\n<p>\u00c7mimi 1000 Lek\u00eb<\/p>\n<p dir=\"ltr\" data-placeholder=\"Translation\">174 Faqe<\/p>\n<p dir=\"ltr\" data-placeholder=\"Translation\">Libri p\u00ebrmban poezi dhe poe-proza nga poeti Ruzhdi Gole.<\/p>\n","protected":false},"featured_media":2304,"template":"","meta":[],"product_brand":[],"product_cat":[24],"product_tag":[],"class_list":{"0":"post-2303","1":"product","2":"type-product","3":"status-publish","4":"has-post-thumbnail","6":"product_cat-poezi","7":"description-off","9":"first","10":"instock","11":"shipping-taxable","12":"product-type-simple"},"_links":{"self":[{"href":"https:\/\/kad.al\/index.php\/wp-json\/wp\/v2\/product\/2303","targetHints":{"allow":["GET"]}}],"collection":[{"href":"https:\/\/kad.al\/index.php\/wp-json\/wp\/v2\/product"}],"about":[{"href":"https:\/\/kad.al\/index.php\/wp-json\/wp\/v2\/types\/product"}],"wp:featuredmedia":[{"embeddable":true,"href":"https:\/\/kad.al\/index.php\/wp-json\/wp\/v2\/media\/2304"}],"wp:attachment":[{"href":"https:\/\/kad.al\/index.php\/wp-json\/wp\/v2\/media?parent=2303"}],"wp:term":[{"taxonomy":"product_brand","embeddable":true,"href":"https:\/\/kad.al\/index.php\/wp-json\/wp\/v2\/product_brand?post=2303"},{"taxonomy":"product_cat","embeddable":true,"href":"https:\/\/kad.al\/index.php\/wp-json\/wp\/v2\/product_cat?post=2303"},{"taxonomy":"product_tag","embeddable":true,"href":"https:\/\/kad.al\/index.php\/wp-json\/wp\/v2\/product_tag?post=2303"}],"curies":[{"name":"wp","href":"https:\/\/api.w.org\/{rel}","templated":true}]}}