{"id":2298,"date":"2024-07-06T11:10:39","date_gmt":"2024-07-06T11:10:39","guid":{"rendered":"https:\/\/kad.al\/?post_type=product&#038;p=2298"},"modified":"2025-07-07T08:50:32","modified_gmt":"2025-07-07T08:50:32","slug":"histori-e-kavajes-volumi-2","status":"publish","type":"product","link":"https:\/\/kad.al\/index.php\/product\/histori-e-kavajes-volumi-2\/","title":{"rendered":"HISTORI E KAVAJ\u00cbS &#8211; Volumi 2"},"content":{"rendered":"","protected":false},"excerpt":{"rendered":"<p><strong>HISTORI E KAVAJ\u00cbS<\/strong><\/p>\n<p><em><strong>Volumi 2<\/strong><\/em><\/p>\n<p><em><strong>Rifat Hoxha<\/strong><\/em><\/p>\n<p>ISBN 978-9928-811-75-2<\/p>\n<p>\u00c7mimi 1500 Lek\u00eb<\/p>\n<p dir=\"ltr\" data-placeholder=\"Translation\">516 Faqe<\/p>\n<p dir=\"ltr\" data-placeholder=\"Translation\">Libri \u00ebsht\u00eb vazhdimi i botimit t\u00eb m\u00ebparsh\u00ebm t\u00eb historis\u00eb s\u00eb Kavaj\u00ebs nga Rifat Hoxha. N\u00eb k\u00ebt\u00eb botim preket periudha e diktatur\u00ebs n\u00eb Shqip\u00ebri q\u00eb pas Luft\u00ebs s\u00eb Dyt\u00eb Bot\u00ebrore deri n\u00eb vitet &#8217;90.<\/p>\n","protected":false},"featured_media":2301,"template":"","meta":[],"product_brand":[],"product_cat":[22],"product_tag":[],"class_list":{"0":"post-2298","1":"product","2":"type-product","3":"status-publish","4":"has-post-thumbnail","6":"product_cat-histori","7":"description-off","9":"first","10":"instock","11":"shipping-taxable","12":"product-type-simple"},"_links":{"self":[{"href":"https:\/\/kad.al\/index.php\/wp-json\/wp\/v2\/product\/2298","targetHints":{"allow":["GET"]}}],"collection":[{"href":"https:\/\/kad.al\/index.php\/wp-json\/wp\/v2\/product"}],"about":[{"href":"https:\/\/kad.al\/index.php\/wp-json\/wp\/v2\/types\/product"}],"wp:featuredmedia":[{"embeddable":true,"href":"https:\/\/kad.al\/index.php\/wp-json\/wp\/v2\/media\/2301"}],"wp:attachment":[{"href":"https:\/\/kad.al\/index.php\/wp-json\/wp\/v2\/media?parent=2298"}],"wp:term":[{"taxonomy":"product_brand","embeddable":true,"href":"https:\/\/kad.al\/index.php\/wp-json\/wp\/v2\/product_brand?post=2298"},{"taxonomy":"product_cat","embeddable":true,"href":"https:\/\/kad.al\/index.php\/wp-json\/wp\/v2\/product_cat?post=2298"},{"taxonomy":"product_tag","embeddable":true,"href":"https:\/\/kad.al\/index.php\/wp-json\/wp\/v2\/product_tag?post=2298"}],"curies":[{"name":"wp","href":"https:\/\/api.w.org\/{rel}","templated":true}]}}