{"id":2292,"date":"2024-07-06T09:27:55","date_gmt":"2024-07-06T09:27:55","guid":{"rendered":"https:\/\/kad.al\/?post_type=product&#038;p=2292"},"modified":"2025-07-05T09:38:27","modified_gmt":"2025-07-05T09:38:27","slug":"saint-paul-in-dyrrach-corrections-of-some-notes-and-maps-of-the-new-testament","status":"publish","type":"product","link":"https:\/\/kad.al\/index.php\/product\/saint-paul-in-dyrrach-corrections-of-some-notes-and-maps-of-the-new-testament\/","title":{"rendered":"SAINT PAUL IN DYRRACH &#8211; Corrections of some notes and maps of the new testament"},"content":{"rendered":"","protected":false},"excerpt":{"rendered":"<p><strong>SAINT PAUL IN DYRRACH\u00a0<\/strong><\/p>\n<p><em><strong>Corrections of some notes and maps of the new testament<\/strong><\/em><\/p>\n<p><em><strong>Thanas L. Gjika<\/strong><\/em><\/p>\n<p>ISBN 978-9928-811-71-4<\/p>\n<p>\u00c7mimi 3500 Lek\u00eb<\/p>\n<p>342 faqe<\/p>\n<p>Libri \u00ebsht\u00eb versioni n\u00eb anglisht i botimit shqip. N\u00eb lib\u00ebr studiuesi Thanas Gjika jep t\u00eb dh\u00ebnat e tij mbi udh\u00ebtimet misionare t\u00eb Sh\u00ebn Palit, t\u00eb cilat p\u00ebrfshin\u00eb dhe territoret e hershme shqiptare.<\/p>\n","protected":false},"featured_media":2293,"template":"","meta":[],"product_brand":[],"product_cat":[21],"product_tag":[],"class_list":{"0":"post-2292","1":"product","2":"type-product","3":"status-publish","4":"has-post-thumbnail","6":"product_cat-studime-shkencore-dhe-monografi","7":"description-off","9":"first","10":"instock","11":"shipping-taxable","12":"product-type-simple"},"_links":{"self":[{"href":"https:\/\/kad.al\/index.php\/wp-json\/wp\/v2\/product\/2292","targetHints":{"allow":["GET"]}}],"collection":[{"href":"https:\/\/kad.al\/index.php\/wp-json\/wp\/v2\/product"}],"about":[{"href":"https:\/\/kad.al\/index.php\/wp-json\/wp\/v2\/types\/product"}],"wp:featuredmedia":[{"embeddable":true,"href":"https:\/\/kad.al\/index.php\/wp-json\/wp\/v2\/media\/2293"}],"wp:attachment":[{"href":"https:\/\/kad.al\/index.php\/wp-json\/wp\/v2\/media?parent=2292"}],"wp:term":[{"taxonomy":"product_brand","embeddable":true,"href":"https:\/\/kad.al\/index.php\/wp-json\/wp\/v2\/product_brand?post=2292"},{"taxonomy":"product_cat","embeddable":true,"href":"https:\/\/kad.al\/index.php\/wp-json\/wp\/v2\/product_cat?post=2292"},{"taxonomy":"product_tag","embeddable":true,"href":"https:\/\/kad.al\/index.php\/wp-json\/wp\/v2\/product_tag?post=2292"}],"curies":[{"name":"wp","href":"https:\/\/api.w.org\/{rel}","templated":true}]}}