{"id":2286,"date":"2024-07-06T08:58:22","date_gmt":"2024-07-06T08:58:22","guid":{"rendered":"https:\/\/kad.al\/?post_type=product&#038;p=2286"},"modified":"2024-07-06T09:15:57","modified_gmt":"2024-07-06T09:15:57","slug":"fatbardh-marku-vizatime-dhe-grafika-1972-2022","status":"publish","type":"product","link":"https:\/\/kad.al\/index.php\/product\/fatbardh-marku-vizatime-dhe-grafika-1972-2022\/","title":{"rendered":"FATBARDH MARKU &#8211; Vizatime dhe Grafika 1972-2022"},"content":{"rendered":"","protected":false},"excerpt":{"rendered":"<p><strong>FATBARDH MARKU\u00a0 <\/strong><\/p>\n<p><strong>Vizatime dhe Grafika 1972-2022<\/strong><\/p>\n<p><em><strong>Oltsen Gripshi <\/strong><\/em><\/p>\n<p>ISBN 978-9928-811-12-7<\/p>\n<p>\u00c7mimi 4000 Lek\u00eb\u00a0 \/ 40 \u20ac<\/p>\n<p>184 faqe<\/p>\n<p>Albumi p\u00ebrmban vizatime dhe grafika t\u00eb artistit Fatbardh Marku t\u00eb shoq\u00ebruara nga analiza e veprave t\u00eb kritikut t\u00eb artit Ph.D. Oltsen GRIPSHI.<\/p>\n<p>&nbsp;<\/p>\n","protected":false},"featured_media":2287,"template":"","meta":[],"product_brand":[],"product_cat":[26],"product_tag":[],"class_list":{"0":"post-2286","1":"product","2":"type-product","3":"status-publish","4":"has-post-thumbnail","6":"product_cat-fjalore-albume","7":"description-off","9":"first","10":"instock","11":"shipping-taxable","12":"product-type-simple"},"_links":{"self":[{"href":"https:\/\/kad.al\/index.php\/wp-json\/wp\/v2\/product\/2286","targetHints":{"allow":["GET"]}}],"collection":[{"href":"https:\/\/kad.al\/index.php\/wp-json\/wp\/v2\/product"}],"about":[{"href":"https:\/\/kad.al\/index.php\/wp-json\/wp\/v2\/types\/product"}],"wp:featuredmedia":[{"embeddable":true,"href":"https:\/\/kad.al\/index.php\/wp-json\/wp\/v2\/media\/2287"}],"wp:attachment":[{"href":"https:\/\/kad.al\/index.php\/wp-json\/wp\/v2\/media?parent=2286"}],"wp:term":[{"taxonomy":"product_brand","embeddable":true,"href":"https:\/\/kad.al\/index.php\/wp-json\/wp\/v2\/product_brand?post=2286"},{"taxonomy":"product_cat","embeddable":true,"href":"https:\/\/kad.al\/index.php\/wp-json\/wp\/v2\/product_cat?post=2286"},{"taxonomy":"product_tag","embeddable":true,"href":"https:\/\/kad.al\/index.php\/wp-json\/wp\/v2\/product_tag?post=2286"}],"curies":[{"name":"wp","href":"https:\/\/api.w.org\/{rel}","templated":true}]}}