{"id":2280,"date":"2024-07-06T08:35:53","date_gmt":"2024-07-06T08:35:53","guid":{"rendered":"https:\/\/kad.al\/?post_type=product&#038;p=2280"},"modified":"2025-07-05T08:48:28","modified_gmt":"2025-07-05T08:48:28","slug":"esat-ypi-babai-i-konteinerit-shqiptar","status":"publish","type":"product","link":"https:\/\/kad.al\/index.php\/product\/esat-ypi-babai-i-konteinerit-shqiptar\/","title":{"rendered":"ESAT YPI &#8211; BABAI I KONTEINERIT SHQIPTAR"},"content":{"rendered":"","protected":false},"excerpt":{"rendered":"<p><strong>ESAT YPI<br \/>\n<em>Babai i konteinerit shqiptar<\/em><\/strong><\/p>\n<p>ISBN 978-9928-811-76-9<\/p>\n<p>\u00c7mimi 800 Lek\u00eb<\/p>\n<p>98 faqe<\/p>\n<p>Botimi p\u00ebrmban kujtime dhe mbresa t\u00eb Esat Ypit, njeriu i cili me k\u00ebmb\u00ebnguljen e tij dhe pas studimesh t\u00eb shumta m\u00eb dat\u00eb 14 prill 1966 arriti t\u00eb inaguronte konteinerin e par\u00eb shqiptar.<\/p>\n","protected":false},"featured_media":2281,"template":"","meta":[],"product_brand":[],"product_cat":[21],"product_tag":[],"class_list":{"0":"post-2280","1":"product","2":"type-product","3":"status-publish","4":"has-post-thumbnail","6":"product_cat-studime-shkencore-dhe-monografi","7":"description-off","9":"first","10":"instock","11":"shipping-taxable","12":"product-type-simple"},"_links":{"self":[{"href":"https:\/\/kad.al\/index.php\/wp-json\/wp\/v2\/product\/2280","targetHints":{"allow":["GET"]}}],"collection":[{"href":"https:\/\/kad.al\/index.php\/wp-json\/wp\/v2\/product"}],"about":[{"href":"https:\/\/kad.al\/index.php\/wp-json\/wp\/v2\/types\/product"}],"wp:featuredmedia":[{"embeddable":true,"href":"https:\/\/kad.al\/index.php\/wp-json\/wp\/v2\/media\/2281"}],"wp:attachment":[{"href":"https:\/\/kad.al\/index.php\/wp-json\/wp\/v2\/media?parent=2280"}],"wp:term":[{"taxonomy":"product_brand","embeddable":true,"href":"https:\/\/kad.al\/index.php\/wp-json\/wp\/v2\/product_brand?post=2280"},{"taxonomy":"product_cat","embeddable":true,"href":"https:\/\/kad.al\/index.php\/wp-json\/wp\/v2\/product_cat?post=2280"},{"taxonomy":"product_tag","embeddable":true,"href":"https:\/\/kad.al\/index.php\/wp-json\/wp\/v2\/product_tag?post=2280"}],"curies":[{"name":"wp","href":"https:\/\/api.w.org\/{rel}","templated":true}]}}