{"id":2275,"date":"2024-07-04T14:19:13","date_gmt":"2024-07-04T14:19:13","guid":{"rendered":"https:\/\/kad.al\/?post_type=product&#038;p=2275"},"modified":"2024-07-06T09:22:01","modified_gmt":"2024-07-06T09:22:01","slug":"prek-mengjesin","status":"publish","type":"product","link":"https:\/\/kad.al\/index.php\/product\/prek-mengjesin\/","title":{"rendered":"PREK M\u00cbNGJESIN"},"content":{"rendered":"","protected":false},"excerpt":{"rendered":"<p><strong>PREK M\u00cbNGJESIN<\/strong><\/p>\n<p><em><strong>Vera Vasia<\/strong><\/em><\/p>\n<p>ISBN 978-9928-811-40-0<\/p>\n<p>\u00c7mimi 1300 Lek\u00eb\u00a0 \/13 \u20ac<\/p>\n<p>108 faqe<\/p>\n<p>P\u00ebrralla p\u00ebr f\u00ebmij\u00eb nga shkrimtarja Vera Vasia.<\/p>\n<p>Ilustruar nga: Flonia Vasia (Gjollma) dhe Grejsi Rudi<\/p>\n","protected":false},"featured_media":2276,"template":"","meta":[],"product_brand":[],"product_cat":[25],"product_tag":[],"class_list":{"0":"post-2275","1":"product","2":"type-product","3":"status-publish","4":"has-post-thumbnail","6":"product_cat-letersi-per-femije-dhe-te-rinj","7":"description-off","9":"first","10":"instock","11":"shipping-taxable","12":"product-type-simple"},"_links":{"self":[{"href":"https:\/\/kad.al\/index.php\/wp-json\/wp\/v2\/product\/2275","targetHints":{"allow":["GET"]}}],"collection":[{"href":"https:\/\/kad.al\/index.php\/wp-json\/wp\/v2\/product"}],"about":[{"href":"https:\/\/kad.al\/index.php\/wp-json\/wp\/v2\/types\/product"}],"wp:featuredmedia":[{"embeddable":true,"href":"https:\/\/kad.al\/index.php\/wp-json\/wp\/v2\/media\/2276"}],"wp:attachment":[{"href":"https:\/\/kad.al\/index.php\/wp-json\/wp\/v2\/media?parent=2275"}],"wp:term":[{"taxonomy":"product_brand","embeddable":true,"href":"https:\/\/kad.al\/index.php\/wp-json\/wp\/v2\/product_brand?post=2275"},{"taxonomy":"product_cat","embeddable":true,"href":"https:\/\/kad.al\/index.php\/wp-json\/wp\/v2\/product_cat?post=2275"},{"taxonomy":"product_tag","embeddable":true,"href":"https:\/\/kad.al\/index.php\/wp-json\/wp\/v2\/product_tag?post=2275"}],"curies":[{"name":"wp","href":"https:\/\/api.w.org\/{rel}","templated":true}]}}