{"id":2269,"date":"2024-07-04T14:00:03","date_gmt":"2024-07-04T14:00:03","guid":{"rendered":"https:\/\/kad.al\/?post_type=product&#038;p=2269"},"modified":"2024-07-04T14:05:48","modified_gmt":"2024-07-04T14:05:48","slug":"me-artistet-e-qytetit","status":"publish","type":"product","link":"https:\/\/kad.al\/index.php\/product\/me-artistet-e-qytetit\/","title":{"rendered":"Me Artist\u00ebt e Qytetit"},"content":{"rendered":"","protected":false},"excerpt":{"rendered":"<p><strong>ME ARTIST\u00cbT E QYTETIT<\/strong><\/p>\n<p><em><strong>G\u00ebzim Kabashi<\/strong><\/em><\/p>\n<p>ISBN 978-9928-811-20-2<\/p>\n<p>\u00c7mimi 1000 Lek\u00eb\u00a0 \/10 \u20ac<\/p>\n<p>Botimi p\u00ebrmban disa nd\u00ebr artikujt e publikuar nd\u00ebr vite nga gazetari G\u00ebzim Kabashi p\u00ebr disa nga artist\u00ebt m\u00eb t\u00eb mir\u00eb t\u00eb qytetit.<\/p>\n","protected":false},"featured_media":2270,"template":"","meta":[],"product_brand":[],"product_cat":[26],"product_tag":[],"class_list":{"0":"post-2269","1":"product","2":"type-product","3":"status-publish","4":"has-post-thumbnail","6":"product_cat-fjalore-albume","7":"description-off","9":"first","10":"instock","11":"shipping-taxable","12":"product-type-simple"},"_links":{"self":[{"href":"https:\/\/kad.al\/index.php\/wp-json\/wp\/v2\/product\/2269","targetHints":{"allow":["GET"]}}],"collection":[{"href":"https:\/\/kad.al\/index.php\/wp-json\/wp\/v2\/product"}],"about":[{"href":"https:\/\/kad.al\/index.php\/wp-json\/wp\/v2\/types\/product"}],"wp:featuredmedia":[{"embeddable":true,"href":"https:\/\/kad.al\/index.php\/wp-json\/wp\/v2\/media\/2270"}],"wp:attachment":[{"href":"https:\/\/kad.al\/index.php\/wp-json\/wp\/v2\/media?parent=2269"}],"wp:term":[{"taxonomy":"product_brand","embeddable":true,"href":"https:\/\/kad.al\/index.php\/wp-json\/wp\/v2\/product_brand?post=2269"},{"taxonomy":"product_cat","embeddable":true,"href":"https:\/\/kad.al\/index.php\/wp-json\/wp\/v2\/product_cat?post=2269"},{"taxonomy":"product_tag","embeddable":true,"href":"https:\/\/kad.al\/index.php\/wp-json\/wp\/v2\/product_tag?post=2269"}],"curies":[{"name":"wp","href":"https:\/\/api.w.org\/{rel}","templated":true}]}}