{"id":2260,"date":"2024-07-04T13:28:56","date_gmt":"2024-07-04T13:28:56","guid":{"rendered":"https:\/\/kad.al\/?post_type=product&#038;p=2260"},"modified":"2024-07-04T13:34:27","modified_gmt":"2024-07-04T13:34:27","slug":"poezi-ruse-vellimi-i-pare","status":"publish","type":"product","link":"https:\/\/kad.al\/index.php\/product\/poezi-ruse-vellimi-i-pare\/","title":{"rendered":"POEZI RUSE &#8211; V\u00ebllimi i par\u00eb"},"content":{"rendered":"","protected":false},"excerpt":{"rendered":"<p><strong>POEZI RUSE<\/strong><\/p>\n<p>ISBN 978-9928-811-53-0<\/p>\n<p>\u00c7mimi 1200 Lek\u00eb\u00a0 \/12 \u20ac<\/p>\n<p>P\u00ebrzgjodhi dhe perktheu nga rusishtja Maksim Rakipaj<\/p>\n<p>Botimi p\u00ebrmbledh disa nga autor\u00ebt m\u00eb t\u00eb mir\u00eb t\u00eb poezis\u00eb ruse.<\/p>\n","protected":false},"featured_media":2261,"template":"","meta":[],"product_brand":[],"product_cat":[24],"product_tag":[],"class_list":{"0":"post-2260","1":"product","2":"type-product","3":"status-publish","4":"has-post-thumbnail","6":"product_cat-poezi","7":"description-off","9":"first","10":"instock","11":"shipping-taxable","12":"product-type-simple"},"_links":{"self":[{"href":"https:\/\/kad.al\/index.php\/wp-json\/wp\/v2\/product\/2260","targetHints":{"allow":["GET"]}}],"collection":[{"href":"https:\/\/kad.al\/index.php\/wp-json\/wp\/v2\/product"}],"about":[{"href":"https:\/\/kad.al\/index.php\/wp-json\/wp\/v2\/types\/product"}],"wp:featuredmedia":[{"embeddable":true,"href":"https:\/\/kad.al\/index.php\/wp-json\/wp\/v2\/media\/2261"}],"wp:attachment":[{"href":"https:\/\/kad.al\/index.php\/wp-json\/wp\/v2\/media?parent=2260"}],"wp:term":[{"taxonomy":"product_brand","embeddable":true,"href":"https:\/\/kad.al\/index.php\/wp-json\/wp\/v2\/product_brand?post=2260"},{"taxonomy":"product_cat","embeddable":true,"href":"https:\/\/kad.al\/index.php\/wp-json\/wp\/v2\/product_cat?post=2260"},{"taxonomy":"product_tag","embeddable":true,"href":"https:\/\/kad.al\/index.php\/wp-json\/wp\/v2\/product_tag?post=2260"}],"curies":[{"name":"wp","href":"https:\/\/api.w.org\/{rel}","templated":true}]}}