{"id":2256,"date":"2023-12-29T13:42:59","date_gmt":"2023-12-29T13:42:59","guid":{"rendered":"https:\/\/kad.al\/?post_type=product&#038;p=2256"},"modified":"2025-07-08T06:42:26","modified_gmt":"2025-07-08T06:42:26","slug":"kronike-pa-qytet","status":"publish","type":"product","link":"https:\/\/kad.al\/index.php\/product\/kronike-pa-qytet\/","title":{"rendered":"KRONIK\u00cb PA QYTET"},"content":{"rendered":"","protected":false},"excerpt":{"rendered":"<p><strong>KRONIK\u00cb PA QYTET<\/strong><\/p>\n<p><strong><em>Ilir Paja<\/em><\/strong><\/p>\n<p>ISBN 978-9928-811-24-0<\/p>\n<p>\u00c7mimi 1000 Lek\u00eb<\/p>\n<p>212 faqe<\/p>\n<p>Nj\u00eb roman ku historia l\u00ebviz me ritmin e nj\u00eb poezie, p\u00ebr t\u00eb n\u00ebnvizuar disa t\u00eb v\u00ebrteta t\u00eb m\u00ebdha t\u00eb jet\u00ebs dhe t\u00eb shoq\u00ebris\u00eb.<br \/>\n<em><strong>Bashkim HOXHA<\/strong> <\/em><br \/>\n<em>Shkrimtar dhe dramaturg<\/em><\/p>\n<p>Me k\u00ebt\u00eb roman Ilir Paja shfaqet mjesht\u00ebrisht si arkeolog i p\u00ebrditshm\u00ebris\u00eb duke hetuar poetikisht dy dete, ujorin dhe njer\u00ebzorin.<br \/>\n<em><strong>Virion GRA\u00c7I<\/strong> <\/em><br \/>\n<em>Shkrimtar dhe studiues<\/em><\/p>\n","protected":false},"featured_media":2257,"template":"","meta":[],"product_brand":[],"product_cat":[23],"product_tag":[],"class_list":{"0":"post-2256","1":"product","2":"type-product","3":"status-publish","4":"has-post-thumbnail","6":"product_cat-romane-tregime-novela","7":"description-off","9":"first","10":"instock","11":"shipping-taxable","12":"product-type-simple"},"_links":{"self":[{"href":"https:\/\/kad.al\/index.php\/wp-json\/wp\/v2\/product\/2256","targetHints":{"allow":["GET"]}}],"collection":[{"href":"https:\/\/kad.al\/index.php\/wp-json\/wp\/v2\/product"}],"about":[{"href":"https:\/\/kad.al\/index.php\/wp-json\/wp\/v2\/types\/product"}],"wp:featuredmedia":[{"embeddable":true,"href":"https:\/\/kad.al\/index.php\/wp-json\/wp\/v2\/media\/2257"}],"wp:attachment":[{"href":"https:\/\/kad.al\/index.php\/wp-json\/wp\/v2\/media?parent=2256"}],"wp:term":[{"taxonomy":"product_brand","embeddable":true,"href":"https:\/\/kad.al\/index.php\/wp-json\/wp\/v2\/product_brand?post=2256"},{"taxonomy":"product_cat","embeddable":true,"href":"https:\/\/kad.al\/index.php\/wp-json\/wp\/v2\/product_cat?post=2256"},{"taxonomy":"product_tag","embeddable":true,"href":"https:\/\/kad.al\/index.php\/wp-json\/wp\/v2\/product_tag?post=2256"}],"curies":[{"name":"wp","href":"https:\/\/api.w.org\/{rel}","templated":true}]}}