{"id":2247,"date":"2023-12-22T09:16:21","date_gmt":"2023-12-22T09:16:21","guid":{"rendered":"https:\/\/kad.al\/?post_type=product&#038;p=2247"},"modified":"2025-07-05T09:36:29","modified_gmt":"2025-07-05T09:36:29","slug":"parajsat-artificiale","status":"publish","type":"product","link":"https:\/\/kad.al\/index.php\/product\/parajsat-artificiale\/","title":{"rendered":"PARAJSAT ARTIFICIALE"},"content":{"rendered":"","protected":false},"excerpt":{"rendered":"<p><strong>PARAJSAT ARTIFICIALE<br \/>\nDrogat dhe njeriu nga k\u00ebndv\u00ebshtrimi shkencor-shpirt\u00ebror<br \/>\n<\/strong><\/p>\n<p><em><strong>Orlando Donfrancesco<\/strong><\/em><\/p>\n<p>ISBN 978-9928-811-06-6<\/p>\n<p>\u00c7mimi 1200 Lek\u00eb<\/p>\n<p>214 faqe<\/p>\n<p>L\u00ebnd\u00ebt narkotike kan\u00eb shoq\u00ebruar njeriun gjat\u00eb gjith\u00eb historis\u00eb s\u00eb tij si nj\u00eb element themelor po ashtu edhe si nj\u00eb penges\u00eb n\u00eb zhvillimin e tij. At\u00ebher\u00eb si duhet t\u2019i gjykojm\u00eb ato nga k\u00ebndv\u00ebshtrimi shkencor-shoq\u00ebror, p\u00ebrtej mekanizmave t\u00eb njohur kimiko-fizik\u00eb? Cili \u00ebsht\u00eb veprimi i tyre mbindjesor te njeriu? Dhe nj\u00ebkoh\u00ebsisht, cili \u00ebsht\u00eb roli i tyre ezoterik n\u00eb historin\u00eb ton\u00eb t\u00eb zhvillimit?<\/p>\n","protected":false},"featured_media":2248,"template":"","meta":[],"product_brand":[],"product_cat":[21],"product_tag":[],"class_list":{"0":"post-2247","1":"product","2":"type-product","3":"status-publish","4":"has-post-thumbnail","6":"product_cat-studime-shkencore-dhe-monografi","7":"description-off","9":"first","10":"instock","11":"shipping-taxable","12":"product-type-simple"},"_links":{"self":[{"href":"https:\/\/kad.al\/index.php\/wp-json\/wp\/v2\/product\/2247","targetHints":{"allow":["GET"]}}],"collection":[{"href":"https:\/\/kad.al\/index.php\/wp-json\/wp\/v2\/product"}],"about":[{"href":"https:\/\/kad.al\/index.php\/wp-json\/wp\/v2\/types\/product"}],"wp:featuredmedia":[{"embeddable":true,"href":"https:\/\/kad.al\/index.php\/wp-json\/wp\/v2\/media\/2248"}],"wp:attachment":[{"href":"https:\/\/kad.al\/index.php\/wp-json\/wp\/v2\/media?parent=2247"}],"wp:term":[{"taxonomy":"product_brand","embeddable":true,"href":"https:\/\/kad.al\/index.php\/wp-json\/wp\/v2\/product_brand?post=2247"},{"taxonomy":"product_cat","embeddable":true,"href":"https:\/\/kad.al\/index.php\/wp-json\/wp\/v2\/product_cat?post=2247"},{"taxonomy":"product_tag","embeddable":true,"href":"https:\/\/kad.al\/index.php\/wp-json\/wp\/v2\/product_tag?post=2247"}],"curies":[{"name":"wp","href":"https:\/\/api.w.org\/{rel}","templated":true}]}}