{"id":2240,"date":"2023-12-05T08:48:18","date_gmt":"2023-12-05T08:48:18","guid":{"rendered":"https:\/\/kad.al\/?post_type=product&#038;p=2240"},"modified":"2025-07-08T06:39:32","modified_gmt":"2025-07-08T06:39:32","slug":"kater-pale-flatra","status":"publish","type":"product","link":"https:\/\/kad.al\/index.php\/product\/kater-pale-flatra\/","title":{"rendered":"KAT\u00cbR PAL\u00cb FLATRA"},"content":{"rendered":"","protected":false},"excerpt":{"rendered":"<p><strong>KAT\u00cbR PAL\u00cb FLATRA<\/strong><\/p>\n<p><em><strong>Flurans Ilia<\/strong><\/em><\/p>\n<p>ISBN 978-9928-811-25-7<\/p>\n<p>\u00c7mimi 900 Lek\u00eb<\/p>\n<p>Flurans Ilia b\u00ebn pjes\u00eb n\u00eb at\u00eb grup gjithnj\u00eb e m\u00eb t\u00eb vog\u00ebl shkrimtar\u00ebsh q\u00eb besojn\u00eb me gjith\u00eb shpirt se let\u00ebrsia mund t\u00eb ndryshoj\u00eb fatin e njeriut, ose edhe t\u00eb zbus\u00eb, ta b\u00ebj\u00eb m\u00eb njer\u00ebzore t\u00eb p\u00ebrditshmen. Pas nj\u00eb p\u00ebrvoje t\u00eb pazakont\u00eb udh\u00ebtimesh njoh\u00ebse n\u00eb krejt rruzullin dhe n\u00eb gjuh\u00ebt e tij kryesore, Ilia njeh me rr\u00ebnj\u00eb natyr\u00ebn e cop\u00ebzuar dhe shp\u00ebrb\u00ebr\u00ebse t\u00eb pasmodernitetit dhe synon ngjizjen e harmonishme t\u00eb universit n\u00eb vet\u00ebdij\u00ebn e lexuesit pik\u00ebrisht p\u00ebrmes cop\u00ebzimit t\u00eb l\u00ebnd\u00ebs artistike. Thembra e kujtes\u00ebs shnd\u00ebrrohet k\u00ebsisoj n\u00eb plag\u00eb, por n\u00eb t\u00eb vetmen plag\u00eb nga e cila mund t\u00eb thithet aj\u00ebr.<br \/>\n<em><strong>Ardian-Christian Ky\u00e7yku<\/strong><\/em><\/p>\n","protected":false},"featured_media":2241,"template":"","meta":[],"product_brand":[],"product_cat":[23],"product_tag":[],"class_list":{"0":"post-2240","1":"product","2":"type-product","3":"status-publish","4":"has-post-thumbnail","6":"product_cat-romane-tregime-novela","7":"description-off","9":"first","10":"instock","11":"shipping-taxable","12":"product-type-simple"},"_links":{"self":[{"href":"https:\/\/kad.al\/index.php\/wp-json\/wp\/v2\/product\/2240","targetHints":{"allow":["GET"]}}],"collection":[{"href":"https:\/\/kad.al\/index.php\/wp-json\/wp\/v2\/product"}],"about":[{"href":"https:\/\/kad.al\/index.php\/wp-json\/wp\/v2\/types\/product"}],"wp:featuredmedia":[{"embeddable":true,"href":"https:\/\/kad.al\/index.php\/wp-json\/wp\/v2\/media\/2241"}],"wp:attachment":[{"href":"https:\/\/kad.al\/index.php\/wp-json\/wp\/v2\/media?parent=2240"}],"wp:term":[{"taxonomy":"product_brand","embeddable":true,"href":"https:\/\/kad.al\/index.php\/wp-json\/wp\/v2\/product_brand?post=2240"},{"taxonomy":"product_cat","embeddable":true,"href":"https:\/\/kad.al\/index.php\/wp-json\/wp\/v2\/product_cat?post=2240"},{"taxonomy":"product_tag","embeddable":true,"href":"https:\/\/kad.al\/index.php\/wp-json\/wp\/v2\/product_tag?post=2240"}],"curies":[{"name":"wp","href":"https:\/\/api.w.org\/{rel}","templated":true}]}}