{"id":2230,"date":"2023-12-04T13:59:27","date_gmt":"2023-12-04T13:59:27","guid":{"rendered":"https:\/\/kad.al\/?post_type=product&#038;p=2230"},"modified":"2023-12-22T09:11:20","modified_gmt":"2023-12-22T09:11:20","slug":"aventura-e-pare-e-sherlock-holmsit","status":"publish","type":"product","link":"https:\/\/kad.al\/index.php\/product\/aventura-e-pare-e-sherlock-holmsit\/","title":{"rendered":"AVENTURA E PAR\u00cb E SHERLOCK HOLMSIT"},"content":{"rendered":"","protected":false},"excerpt":{"rendered":"<p><strong>AVENTURA E PAR\u00cb E\u00a0SHERLOCK HOLMSIT<br \/>\nHetim n\u00eb t\u00eb kuq<\/strong><\/p>\n<p><strong><em>Arthur Conan Doyle<\/em><\/strong><\/p>\n<p>ISBN 978-9928-811-32-5<\/p>\n<p>\u00c7mimi 1200 Lek\u00eb \/ 12 \u20ac<\/p>\n<p>124 faqe<\/p>\n<p style=\"text-align: left;\">Lib\u00ebr me aventurat e dedektivit m\u00eb t\u00eb famsh\u00ebm n\u00eb bot\u00eb i shoq\u00ebruar me ilustrime<\/p>\n<p>Illustrimet nga Vincent Malli\u00e8<\/p>\n","protected":false},"featured_media":2236,"template":"","meta":[],"product_brand":[],"product_cat":[25],"product_tag":[],"class_list":{"0":"post-2230","1":"product","2":"type-product","3":"status-publish","4":"has-post-thumbnail","6":"product_cat-letersi-per-femije-dhe-te-rinj","7":"description-off","9":"first","10":"instock","11":"shipping-taxable","12":"product-type-simple"},"_links":{"self":[{"href":"https:\/\/kad.al\/index.php\/wp-json\/wp\/v2\/product\/2230","targetHints":{"allow":["GET"]}}],"collection":[{"href":"https:\/\/kad.al\/index.php\/wp-json\/wp\/v2\/product"}],"about":[{"href":"https:\/\/kad.al\/index.php\/wp-json\/wp\/v2\/types\/product"}],"wp:featuredmedia":[{"embeddable":true,"href":"https:\/\/kad.al\/index.php\/wp-json\/wp\/v2\/media\/2236"}],"wp:attachment":[{"href":"https:\/\/kad.al\/index.php\/wp-json\/wp\/v2\/media?parent=2230"}],"wp:term":[{"taxonomy":"product_brand","embeddable":true,"href":"https:\/\/kad.al\/index.php\/wp-json\/wp\/v2\/product_brand?post=2230"},{"taxonomy":"product_cat","embeddable":true,"href":"https:\/\/kad.al\/index.php\/wp-json\/wp\/v2\/product_cat?post=2230"},{"taxonomy":"product_tag","embeddable":true,"href":"https:\/\/kad.al\/index.php\/wp-json\/wp\/v2\/product_tag?post=2230"}],"curies":[{"name":"wp","href":"https:\/\/api.w.org\/{rel}","templated":true}]}}