{"id":2226,"date":"2023-11-21T13:51:40","date_gmt":"2023-11-21T13:51:40","guid":{"rendered":"https:\/\/kad.al\/?post_type=product&#038;p=2226"},"modified":"2025-07-07T12:27:25","modified_gmt":"2025-07-07T12:27:25","slug":"arkitekt-koliqi-monumenti-shejzat","status":"publish","type":"product","link":"https:\/\/kad.al\/index.php\/product\/arkitekt-koliqi-monumenti-shejzat\/","title":{"rendered":"ARK\u0130TEKT KOL\u0130Q\u0130 &#8211;\u00a0MONUMENT\u0130 \u201cSH\u00caJZAT\u201d"},"content":{"rendered":"","protected":false},"excerpt":{"rendered":"<p><strong>ARK\u0130TEKT KOL\u0130Q\u0130 &#8211;\u00a0<\/strong><strong>MONUMENT\u0130 \u201cSH\u00caJZAT\u201d<\/strong><\/p>\n<p id=\"tw-target-text\" class=\"tw-data-text tw-text-large tw-ta\" dir=\"ltr\" data-placeholder=\"Translation\"><em><strong>Jozef Radi<\/strong><\/em><\/p>\n<p><span class=\"Y2IQFc\" lang=\"en\">ISBN\u00a0<\/span><span class=\"Y2IQFc\" lang=\"en\">978-9928-811-30-1<\/span><\/p>\n<p><span class=\"Y2IQFc\" lang=\"en\">\u00c7mimi 1600 Lek\u00eb<\/span><\/p>\n<p><span class=\"Y2IQFc\" lang=\"en\">584 Faqe<\/span><\/p>\n<p>Ernest Koliqi edhe n\u00eb dit\u00ebt e v\u00ebshtira t\u00eb m\u00ebrgimit, s\u2019e ka pushuar as interesimin e as veprimtarin\u00eb e tij t\u00eb frytshme p\u00ebr pun\u00ebt e emigracionit shqiptar, t\u00eb diaspor\u00ebs e t\u00eb shqiptar\u00ebve q\u00eb jetonin n\u00ebn pushtimin serbosllav.\u00a0Ai ka ndjekur me kujdes dhe interesim t\u00eb vazhduesh\u00ebm zhvillimin e shkoll\u00ebs dhe t\u00eb kultur\u00ebs shqiptare n\u00eb ato treva dhe k\u00ebshillonte se \u201cajo pun\u00eb e madhe, e filluar aq mbar\u00eb, jo vet\u00ebm t\u00eb mos nd\u00ebrpritej, por t\u00eb shtohej e t\u00eb lul\u00ebzohej gjithnj\u00eb e m\u00eb shum\u00eb, sepse \u201c&#8230;vet\u00ebm nj\u00eb popull i kulturuar ka t\u00eb drejt\u00eb t\u2019i k\u00ebrkoj\u00eb t\u00eb drejtat e veta dhe t\u2019u imponohet t\u00eb tjer\u00ebve\u201d.<br \/>\n<strong>Dr. Laz\u00ebr Radi<\/strong><\/p>\n<p>Botimi i s\u00eb p\u00ebrkoh\u00ebshmes \u201cSh\u00eajzat\u201d ka p\u00ebr q\u00ebllim t\u00eb kryemit e nji detyre intelektuale kundrejt atdheut, n\u00eb koh\u00ebn kur n\u00eb kuadrantin e historis\u00eb grepat po sh\u00ebnjojn\u00eb nji \u00e7as rreziku jet\u00ebshues.\u00a0Bota shqiptare dhe shqiptarizmi jan\u00eb kah p\u00ebrshkohen n\u00ebp\u00ebr periiudh\u00ebn ma t\u2019errt\u00eb e t\u00eb frigueshme t\u00eb qenjes s\u00eb vet. P\u00ebr bot\u00eb shqiptare, kuptojm\u00eb mbar\u00eb gjinden qi flet shqip dhe ushqen vullnetin e ngulun m\u2019u rendue lirisht n\u00eb nji bashk\u00ebjetes\u00eb vllaznore mbi themel t\u00eb barazis\u00eb s\u00eb tagreve; p\u00ebr shqiptariz\u00ebm, trashigimin shpirtnuer t\u00eb katragjyshave dhe ve\u00e7orit\u00eb fisnore qi na dallojn\u00eb prej kombeve tjera.<br \/>\n<strong>Ernest Koliqi &#8211; numri i par\u00eb i \u201cSh\u00eajzat\u201d<\/strong><\/p>\n<p>&nbsp;<\/p>\n","protected":false},"featured_media":2227,"template":"","meta":[],"product_brand":[],"product_cat":[26],"product_tag":[],"class_list":{"0":"post-2226","1":"product","2":"type-product","3":"status-publish","4":"has-post-thumbnail","6":"product_cat-fjalore-albume","7":"description-off","9":"first","10":"instock","11":"shipping-taxable","12":"product-type-simple"},"_links":{"self":[{"href":"https:\/\/kad.al\/index.php\/wp-json\/wp\/v2\/product\/2226","targetHints":{"allow":["GET"]}}],"collection":[{"href":"https:\/\/kad.al\/index.php\/wp-json\/wp\/v2\/product"}],"about":[{"href":"https:\/\/kad.al\/index.php\/wp-json\/wp\/v2\/types\/product"}],"wp:featuredmedia":[{"embeddable":true,"href":"https:\/\/kad.al\/index.php\/wp-json\/wp\/v2\/media\/2227"}],"wp:attachment":[{"href":"https:\/\/kad.al\/index.php\/wp-json\/wp\/v2\/media?parent=2226"}],"wp:term":[{"taxonomy":"product_brand","embeddable":true,"href":"https:\/\/kad.al\/index.php\/wp-json\/wp\/v2\/product_brand?post=2226"},{"taxonomy":"product_cat","embeddable":true,"href":"https:\/\/kad.al\/index.php\/wp-json\/wp\/v2\/product_cat?post=2226"},{"taxonomy":"product_tag","embeddable":true,"href":"https:\/\/kad.al\/index.php\/wp-json\/wp\/v2\/product_tag?post=2226"}],"curies":[{"name":"wp","href":"https:\/\/api.w.org\/{rel}","templated":true}]}}