{"id":2216,"date":"2023-11-20T14:56:45","date_gmt":"2023-11-20T14:56:45","guid":{"rendered":"https:\/\/kad.al\/?post_type=product&#038;p=2216"},"modified":"2025-07-07T08:57:13","modified_gmt":"2025-07-07T08:57:13","slug":"nena-te-vyera","status":"publish","type":"product","link":"https:\/\/kad.al\/index.php\/product\/nena-te-vyera\/","title":{"rendered":"NENA T\u00cb VYERA"},"content":{"rendered":"","protected":false},"excerpt":{"rendered":"<p><strong>N\u00cbNA T\u00cb VYERA<\/strong><\/p>\n<p><em><strong>Alex Perry<\/strong><\/em><\/p>\n<p>ISBN 978-9928-811-27-1<\/p>\n<p>\u00c7mimi 1200 Lek\u00eb<\/p>\n<p dir=\"ltr\" data-placeholder=\"Translation\">Faqe 388<\/p>\n<p dir=\"ltr\" data-placeholder=\"Translation\">P\u00ebrktheu nga origjinali n\u00eb anglisht: Aristidh Shqevi<\/p>\n<p dir=\"ltr\" data-placeholder=\"Translation\">\u2018Histori t\u00eb jasht\u00ebzakonshme . . . ku ngjarjet rrjedhin shpejt\u2019<br \/>\n<em>Times Literary Supplement <\/em><\/p>\n<p dir=\"ltr\" data-placeholder=\"Translation\">\u2018Nj\u00eb vep\u00ebr tep\u00ebr mbres\u00ebl\u00ebn\u00ebse e publicistik\u00ebs hulumtuese. Nj\u00eb v\u00ebshtrim shum\u00eb i r\u00ebnd\u00ebsish\u00ebm dhe bind\u00ebs mbi mafian italiane. Nj\u00eb lib\u00ebr i shk\u00eblqyer me forc\u00eb jet\u00eb &#8211; ndryshuese\u2019<br \/>\n<em>Booklist<\/em><\/p>\n<p dir=\"ltr\" data-placeholder=\"Translation\">\u2018Nj\u00eb p\u00ebrshkrim magjeps\u00ebs dhe nj\u00eb narrativ\u00eb q\u00eb ta cop\u00ebton zemr\u00ebn\u2019<br \/>\n<em>Observer <\/em><\/p>\n<p dir=\"ltr\" data-placeholder=\"Translation\">\u2018Thelb\u00ebsor\u2019<br \/>\n<em>Washington Post<\/em><\/p>\n<p dir=\"ltr\" data-placeholder=\"Translation\">\n","protected":false},"featured_media":2217,"template":"","meta":[],"product_brand":[],"product_cat":[22],"product_tag":[],"class_list":{"0":"post-2216","1":"product","2":"type-product","3":"status-publish","4":"has-post-thumbnail","6":"product_cat-histori","7":"description-off","9":"first","10":"instock","11":"shipping-taxable","12":"product-type-simple"},"_links":{"self":[{"href":"https:\/\/kad.al\/index.php\/wp-json\/wp\/v2\/product\/2216","targetHints":{"allow":["GET"]}}],"collection":[{"href":"https:\/\/kad.al\/index.php\/wp-json\/wp\/v2\/product"}],"about":[{"href":"https:\/\/kad.al\/index.php\/wp-json\/wp\/v2\/types\/product"}],"wp:featuredmedia":[{"embeddable":true,"href":"https:\/\/kad.al\/index.php\/wp-json\/wp\/v2\/media\/2217"}],"wp:attachment":[{"href":"https:\/\/kad.al\/index.php\/wp-json\/wp\/v2\/media?parent=2216"}],"wp:term":[{"taxonomy":"product_brand","embeddable":true,"href":"https:\/\/kad.al\/index.php\/wp-json\/wp\/v2\/product_brand?post=2216"},{"taxonomy":"product_cat","embeddable":true,"href":"https:\/\/kad.al\/index.php\/wp-json\/wp\/v2\/product_cat?post=2216"},{"taxonomy":"product_tag","embeddable":true,"href":"https:\/\/kad.al\/index.php\/wp-json\/wp\/v2\/product_tag?post=2216"}],"curies":[{"name":"wp","href":"https:\/\/api.w.org\/{rel}","templated":true}]}}