{"id":2208,"date":"2023-10-07T08:00:32","date_gmt":"2023-10-07T08:00:32","guid":{"rendered":"https:\/\/kad.al\/?post_type=product&#038;p=2208"},"modified":"2023-10-07T08:08:02","modified_gmt":"2023-10-07T08:08:02","slug":"perse-mendohet-nje-luledielli","status":"publish","type":"product","link":"https:\/\/kad.al\/index.php\/product\/perse-mendohet-nje-luledielli\/","title":{"rendered":"P\u00cbRSE MENDOHET NJ\u00cb LULEDIELLI"},"content":{"rendered":"","protected":false},"excerpt":{"rendered":"<p><strong>P\u00cbRSE MENDOHET NJ\u00cb LULEDIELLI<\/strong><\/p>\n<p><em><strong>Teuta Dhima<\/strong><\/em><\/p>\n<p>ISBN 978-9928-811-08-0<\/p>\n<p>92 Faqe<\/p>\n<p>\u00c7mimi 800 Lek\u00eb\u00a0 \/ 8 \u20ac<\/p>\n<p>P\u00ebrmbledhja poetike \u201cP\u00ebrse mendohet nj\u00eb luledielli\u201d, e autores Teuta Dhima, e cila pason librin &#8220;LUS TOK\u00cbN&#8221;, vjen te lexuesi si befasi artistike. Fjala, vargu, materia letrare e poezive t\u00eb saj, p\u00ebr\u00e7on marr\u00ebdh\u00ebnien e dlir\u00eb me bot\u00ebn p\u00ebrqark, e cila p\u00ebrcillet me tone lakonike dhe mendim t\u00eb p\u00ebrkor\u00eb.<\/p>\n","protected":false},"featured_media":2209,"template":"","meta":[],"product_brand":[],"product_cat":[24],"product_tag":[],"class_list":{"0":"post-2208","1":"product","2":"type-product","3":"status-publish","4":"has-post-thumbnail","6":"product_cat-poezi","7":"description-off","9":"first","10":"instock","11":"shipping-taxable","12":"product-type-simple"},"_links":{"self":[{"href":"https:\/\/kad.al\/index.php\/wp-json\/wp\/v2\/product\/2208","targetHints":{"allow":["GET"]}}],"collection":[{"href":"https:\/\/kad.al\/index.php\/wp-json\/wp\/v2\/product"}],"about":[{"href":"https:\/\/kad.al\/index.php\/wp-json\/wp\/v2\/types\/product"}],"wp:featuredmedia":[{"embeddable":true,"href":"https:\/\/kad.al\/index.php\/wp-json\/wp\/v2\/media\/2209"}],"wp:attachment":[{"href":"https:\/\/kad.al\/index.php\/wp-json\/wp\/v2\/media?parent=2208"}],"wp:term":[{"taxonomy":"product_brand","embeddable":true,"href":"https:\/\/kad.al\/index.php\/wp-json\/wp\/v2\/product_brand?post=2208"},{"taxonomy":"product_cat","embeddable":true,"href":"https:\/\/kad.al\/index.php\/wp-json\/wp\/v2\/product_cat?post=2208"},{"taxonomy":"product_tag","embeddable":true,"href":"https:\/\/kad.al\/index.php\/wp-json\/wp\/v2\/product_tag?post=2208"}],"curies":[{"name":"wp","href":"https:\/\/api.w.org\/{rel}","templated":true}]}}