{"id":2200,"date":"2023-09-15T06:32:09","date_gmt":"2023-09-15T06:32:09","guid":{"rendered":"https:\/\/kad.al\/?post_type=product&#038;p=2200"},"modified":"2025-07-07T08:37:17","modified_gmt":"2025-07-07T08:37:17","slug":"a-short-history-of-durres","status":"publish","type":"product","link":"https:\/\/kad.al\/index.php\/product\/a-short-history-of-durres\/","title":{"rendered":"A SHORT HISTORY OF DURR\u00cbS"},"content":{"rendered":"","protected":false},"excerpt":{"rendered":"<p><strong>A SHORT HISTORY OF DURR\u00cbS<\/strong><\/p>\n<p><em><strong>Eduard Shehi<\/strong><\/em><\/p>\n<p>ISBN 978-9928-811-04-2<\/p>\n<p>\u00c7mimi 1200 Lek\u00eb<\/p>\n<p dir=\"ltr\" data-placeholder=\"Translation\">264 Faqe<\/p>\n<p dir=\"ltr\" data-placeholder=\"Translation\">Pas botimit t\u00eb par\u00eb n\u00eb gjuh\u00ebn shqipe n\u00eb vitin 2021, ky botim nga Eduard Shehi tashm\u00eb vjen dhe n\u00eb gjuh\u00ebn angleze.<\/p>\n<p dir=\"ltr\" data-placeholder=\"Translation\">\n","protected":false},"featured_media":2201,"template":"","meta":[],"product_brand":[],"product_cat":[22],"product_tag":[],"class_list":{"0":"post-2200","1":"product","2":"type-product","3":"status-publish","4":"has-post-thumbnail","6":"product_cat-histori","7":"description-off","9":"first","10":"instock","11":"shipping-taxable","12":"product-type-simple"},"_links":{"self":[{"href":"https:\/\/kad.al\/index.php\/wp-json\/wp\/v2\/product\/2200","targetHints":{"allow":["GET"]}}],"collection":[{"href":"https:\/\/kad.al\/index.php\/wp-json\/wp\/v2\/product"}],"about":[{"href":"https:\/\/kad.al\/index.php\/wp-json\/wp\/v2\/types\/product"}],"wp:featuredmedia":[{"embeddable":true,"href":"https:\/\/kad.al\/index.php\/wp-json\/wp\/v2\/media\/2201"}],"wp:attachment":[{"href":"https:\/\/kad.al\/index.php\/wp-json\/wp\/v2\/media?parent=2200"}],"wp:term":[{"taxonomy":"product_brand","embeddable":true,"href":"https:\/\/kad.al\/index.php\/wp-json\/wp\/v2\/product_brand?post=2200"},{"taxonomy":"product_cat","embeddable":true,"href":"https:\/\/kad.al\/index.php\/wp-json\/wp\/v2\/product_cat?post=2200"},{"taxonomy":"product_tag","embeddable":true,"href":"https:\/\/kad.al\/index.php\/wp-json\/wp\/v2\/product_tag?post=2200"}],"curies":[{"name":"wp","href":"https:\/\/api.w.org\/{rel}","templated":true}]}}