{"id":2197,"date":"2023-09-08T08:26:48","date_gmt":"2023-09-08T08:26:48","guid":{"rendered":"https:\/\/kad.al\/?post_type=product&#038;p=2197"},"modified":"2025-07-07T12:29:47","modified_gmt":"2025-07-07T12:29:47","slug":"djali-nga-blloku-66","status":"publish","type":"product","link":"https:\/\/kad.al\/index.php\/product\/djali-nga-blloku-66\/","title":{"rendered":"DJALI NGA BLLOKU 66"},"content":{"rendered":"","protected":false},"excerpt":{"rendered":"<p><strong>DJALI NGA BLLOKU 66<\/strong><\/p>\n<p><em><strong>Limor Regev<\/strong><\/em><\/p>\n<p>ISBN 978-9928-383-77-8<\/p>\n<p>\u00c7mimi 1000 Lek\u00eb<\/p>\n<p dir=\"ltr\" data-placeholder=\"Translation\">202 Faqe<\/p>\n<p dir=\"ltr\" data-placeholder=\"Translation\">Kjo \u00ebsht\u00eb historia e nj\u00eb f\u00ebmije hebre q\u00eb u detyrua t\u00eb rritet pa dashuri, nj\u00eb djal\u00eb i zakonsh\u00ebm, anonim, q\u00eb priste me padurim t\u00eb festonte bar mitzvahu-un e tij, q\u00eb nuk do t\u00eb ndodhte kurr\u00eb. Bota q\u00eb ai njihte u shemb para syve t\u00eb tij. Ai duhej t\u00eb luftonte \u00e7do dit\u00eb, n\u00eb kampet e shfarosjes naziste, p\u00ebr t\u00eb drejt\u00ebn e tij t\u00eb qen\u00ebsishme, ekzistenc\u00ebn edhe n\u00eb rrethanat m\u00eb t\u00eb pafavorshme.<\/p>\n","protected":false},"featured_media":2198,"template":"","meta":[],"product_brand":[],"product_cat":[23],"product_tag":[],"class_list":{"0":"post-2197","1":"product","2":"type-product","3":"status-publish","4":"has-post-thumbnail","6":"product_cat-romane-tregime-novela","7":"description-off","9":"first","10":"instock","11":"shipping-taxable","12":"product-type-simple"},"_links":{"self":[{"href":"https:\/\/kad.al\/index.php\/wp-json\/wp\/v2\/product\/2197","targetHints":{"allow":["GET"]}}],"collection":[{"href":"https:\/\/kad.al\/index.php\/wp-json\/wp\/v2\/product"}],"about":[{"href":"https:\/\/kad.al\/index.php\/wp-json\/wp\/v2\/types\/product"}],"wp:featuredmedia":[{"embeddable":true,"href":"https:\/\/kad.al\/index.php\/wp-json\/wp\/v2\/media\/2198"}],"wp:attachment":[{"href":"https:\/\/kad.al\/index.php\/wp-json\/wp\/v2\/media?parent=2197"}],"wp:term":[{"taxonomy":"product_brand","embeddable":true,"href":"https:\/\/kad.al\/index.php\/wp-json\/wp\/v2\/product_brand?post=2197"},{"taxonomy":"product_cat","embeddable":true,"href":"https:\/\/kad.al\/index.php\/wp-json\/wp\/v2\/product_cat?post=2197"},{"taxonomy":"product_tag","embeddable":true,"href":"https:\/\/kad.al\/index.php\/wp-json\/wp\/v2\/product_tag?post=2197"}],"curies":[{"name":"wp","href":"https:\/\/api.w.org\/{rel}","templated":true}]}}