{"id":2158,"date":"2023-08-23T12:27:23","date_gmt":"2023-08-23T12:27:23","guid":{"rendered":"https:\/\/kad.al\/?post_type=product&#038;p=2158"},"modified":"2025-07-08T06:55:37","modified_gmt":"2025-07-08T06:55:37","slug":"njeqind-e-nentedhjete-e-tre-kafazet","status":"publish","type":"product","link":"https:\/\/kad.al\/index.php\/product\/njeqind-e-nentedhjete-e-tre-kafazet\/","title":{"rendered":"NJ\u00cbQIND E N\u00cbNT\u00cbDHJET\u00cb E TRE KAFAZ\u00cbT"},"content":{"rendered":"","protected":false},"excerpt":{"rendered":"<p><strong>NJ\u00cbQIND E N\u00cbNT\u00cbDHJET\u00cb E TRE KAFAZ\u00cbT<\/strong><\/p>\n<p><em><strong>Rezart Palluqi <\/strong><\/em><\/p>\n<p>ISBN 978-9928-383-99-0<\/p>\n<p>\u00c7mimi 1100 Lek\u00eb<\/p>\n<p dir=\"ltr\" data-placeholder=\"Translation\">286 Faqe<\/p>\n<p>Romani \u201c193 Kafaz\u00ebt\u201d i Rezart Palluqit, \u00ebsht\u00eb nj\u00eb autopsi e frikshme e realitetit shqiptar, nj\u00eb dram\u00eb e nd\u00ebrtuar me nj\u00eb dinamik\u00eb marramend\u00ebse, ku traumat e p\u00ebsuara shkat\u00ebrrojn\u00eb n\u00eb m\u00ebnyr\u00eb t\u00eb frikshme njer\u00ebzit me ndjeshm\u00ebri t\u00eb lart\u00eb dhe ata q\u00eb besojn\u00eb se ekziston drejt\u00ebsia\u2026 Libri \u00ebsht\u00eb p\u00ebrkthyer dhe n\u00eb italisht dhe \u00ebsht\u00eb promovuar n\u00eb Panairin e librit n\u00eb Rom\u00eb.<\/p>\n","protected":false},"featured_media":2161,"template":"","meta":[],"product_brand":[],"product_cat":[23],"product_tag":[],"class_list":{"0":"post-2158","1":"product","2":"type-product","3":"status-publish","4":"has-post-thumbnail","6":"product_cat-romane-tregime-novela","7":"description-off","9":"first","10":"instock","11":"shipping-taxable","12":"product-type-simple"},"_links":{"self":[{"href":"https:\/\/kad.al\/index.php\/wp-json\/wp\/v2\/product\/2158","targetHints":{"allow":["GET"]}}],"collection":[{"href":"https:\/\/kad.al\/index.php\/wp-json\/wp\/v2\/product"}],"about":[{"href":"https:\/\/kad.al\/index.php\/wp-json\/wp\/v2\/types\/product"}],"wp:featuredmedia":[{"embeddable":true,"href":"https:\/\/kad.al\/index.php\/wp-json\/wp\/v2\/media\/2161"}],"wp:attachment":[{"href":"https:\/\/kad.al\/index.php\/wp-json\/wp\/v2\/media?parent=2158"}],"wp:term":[{"taxonomy":"product_brand","embeddable":true,"href":"https:\/\/kad.al\/index.php\/wp-json\/wp\/v2\/product_brand?post=2158"},{"taxonomy":"product_cat","embeddable":true,"href":"https:\/\/kad.al\/index.php\/wp-json\/wp\/v2\/product_cat?post=2158"},{"taxonomy":"product_tag","embeddable":true,"href":"https:\/\/kad.al\/index.php\/wp-json\/wp\/v2\/product_tag?post=2158"}],"curies":[{"name":"wp","href":"https:\/\/api.w.org\/{rel}","templated":true}]}}