{"id":2147,"date":"2023-08-16T13:26:44","date_gmt":"2023-08-16T13:26:44","guid":{"rendered":"https:\/\/kad.al\/?post_type=product&#038;p=2147"},"modified":"2023-08-16T14:15:42","modified_gmt":"2023-08-16T14:15:42","slug":"mri-dedja-of-the-family-merrnacaj","status":"publish","type":"product","link":"https:\/\/kad.al\/index.php\/product\/mri-dedja-of-the-family-merrnacaj\/?lang=en","title":{"rendered":"MR\u00ec DEDJA FROM THE FAMILY MERRNA\u00c7AJ"},"content":{"rendered":"","protected":false},"excerpt":{"rendered":"<p><strong>MR\u00ec DEDJA OF THE FAMILY MERRNA\u00c7AJ<\/strong><\/p>\n<p><em><strong>Jozef Radi<\/strong><\/em><\/p>\n<p id=\"tw-target-text\" class=\"tw-data-text tw-text-large tw-ta\" dir=\"ltr\" data-placeholder=\"Translation\"><span class=\"Y2IQFc\" lang=\"en\">ISBN 978-9928-811-01-1 <\/span><\/p>\n<p class=\"tw-data-text tw-text-large tw-ta\" dir=\"ltr\" data-placeholder=\"Translation\"><span class=\"Y2IQFc\" lang=\"en\">398 Pages<\/span><\/p>\n<p id=\"tw-target-text\" class=\"tw-data-text tw-text-large tw-ta\" dir=\"ltr\" data-placeholder=\"Translation\"><span class=\"Y2IQFc\" lang=\"en\">Price 1800 Lek\u00eb \/ \u20ac18 <\/span><\/p>\n<p class=\"tw-data-text tw-text-large tw-ta\" dir=\"ltr\" data-placeholder=\"Translation\"><span class=\"Y2IQFc\" lang=\"en\">The book contains the accounts of the difficult life of Mri Dedja from the family Merrna\u00e7aj.<\/span><\/p>\n","protected":false},"featured_media":2156,"template":"","meta":[],"product_brand":[],"product_cat":[35],"product_tag":[],"class_list":{"0":"post-2147","1":"product","2":"type-product","3":"status-publish","4":"has-post-thumbnail","6":"product_cat-poetry","7":"description-off","9":"first","10":"instock","11":"shipping-taxable","12":"product-type-simple"},"_links":{"self":[{"href":"https:\/\/kad.al\/index.php\/wp-json\/wp\/v2\/product\/2147","targetHints":{"allow":["GET"]}}],"collection":[{"href":"https:\/\/kad.al\/index.php\/wp-json\/wp\/v2\/product"}],"about":[{"href":"https:\/\/kad.al\/index.php\/wp-json\/wp\/v2\/types\/product"}],"wp:featuredmedia":[{"embeddable":true,"href":"https:\/\/kad.al\/index.php\/wp-json\/wp\/v2\/media\/2156"}],"wp:attachment":[{"href":"https:\/\/kad.al\/index.php\/wp-json\/wp\/v2\/media?parent=2147"}],"wp:term":[{"taxonomy":"product_brand","embeddable":true,"href":"https:\/\/kad.al\/index.php\/wp-json\/wp\/v2\/product_brand?post=2147"},{"taxonomy":"product_cat","embeddable":true,"href":"https:\/\/kad.al\/index.php\/wp-json\/wp\/v2\/product_cat?post=2147"},{"taxonomy":"product_tag","embeddable":true,"href":"https:\/\/kad.al\/index.php\/wp-json\/wp\/v2\/product_tag?post=2147"}],"curies":[{"name":"wp","href":"https:\/\/api.w.org\/{rel}","templated":true}]}}