{"id":2144,"date":"2023-08-15T12:43:20","date_gmt":"2023-08-15T12:43:20","guid":{"rendered":"https:\/\/kad.al\/?post_type=product&#038;p=2144"},"modified":"2023-08-15T12:57:03","modified_gmt":"2023-08-15T12:57:03","slug":"poeti-kjo-krijese-e-shtirun","status":"publish","type":"product","link":"https:\/\/kad.al\/index.php\/product\/poeti-kjo-krijese-e-shtirun\/","title":{"rendered":"POETI, KJO KRIJES\u00cb  E SHTIRUN"},"content":{"rendered":"","protected":false},"excerpt":{"rendered":"<p><strong>POETI, KJO KRIJES\u00cb E SHTIRUN<\/strong><\/p>\n<p><em><strong>Fernando Pessoa<\/strong><\/em><\/p>\n<p>ISBN 978-9928-383-98-3<\/p>\n<p>82 Faqe<\/p>\n<p>\u00c7mimi 700 Lek\u00eb\u00a0 \/ 7 \u20ac<\/p>\n<p>Fernando Pessoa (Lisbon\u00eb 1888-1935) \u00ebsht\u00eb nj\u00eb nd\u00ebr figurat kryesore t\u00eb let\u00ebrsis\u00eb s\u00eb shekullit t\u00eb 20. Libri p\u00ebrmban dyqind citime t\u00eb zgjedhuna<\/p>\n","protected":false},"featured_media":2145,"template":"","meta":[],"product_brand":[],"product_cat":[24],"product_tag":[],"class_list":{"0":"post-2144","1":"product","2":"type-product","3":"status-publish","4":"has-post-thumbnail","6":"product_cat-poezi","7":"description-off","9":"first","10":"instock","11":"shipping-taxable","12":"product-type-simple"},"_links":{"self":[{"href":"https:\/\/kad.al\/index.php\/wp-json\/wp\/v2\/product\/2144","targetHints":{"allow":["GET"]}}],"collection":[{"href":"https:\/\/kad.al\/index.php\/wp-json\/wp\/v2\/product"}],"about":[{"href":"https:\/\/kad.al\/index.php\/wp-json\/wp\/v2\/types\/product"}],"wp:featuredmedia":[{"embeddable":true,"href":"https:\/\/kad.al\/index.php\/wp-json\/wp\/v2\/media\/2145"}],"wp:attachment":[{"href":"https:\/\/kad.al\/index.php\/wp-json\/wp\/v2\/media?parent=2144"}],"wp:term":[{"taxonomy":"product_brand","embeddable":true,"href":"https:\/\/kad.al\/index.php\/wp-json\/wp\/v2\/product_brand?post=2144"},{"taxonomy":"product_cat","embeddable":true,"href":"https:\/\/kad.al\/index.php\/wp-json\/wp\/v2\/product_cat?post=2144"},{"taxonomy":"product_tag","embeddable":true,"href":"https:\/\/kad.al\/index.php\/wp-json\/wp\/v2\/product_tag?post=2144"}],"curies":[{"name":"wp","href":"https:\/\/api.w.org\/{rel}","templated":true}]}}