{"id":2137,"date":"2023-08-15T12:16:46","date_gmt":"2023-08-15T12:16:46","guid":{"rendered":"https:\/\/kad.al\/?post_type=product&#038;p=2137"},"modified":"2023-08-15T12:26:15","modified_gmt":"2023-08-15T12:26:15","slug":"muret-e-muzgut","status":"publish","type":"product","link":"https:\/\/kad.al\/index.php\/product\/muret-e-muzgut\/","title":{"rendered":"MURET E MUZGUT"},"content":{"rendered":"","protected":false},"excerpt":{"rendered":"<p><strong>MURET E MUZGUT<\/strong><\/p>\n<p><em><strong>Laz\u00ebr &amp; Jozef Radi<\/strong><\/em><\/p>\n<p>ISBN 978-9928-811-00-4<\/p>\n<p>192 Faqe<\/p>\n<p>\u00c7mimi 800 Lek\u00eb\u00a0 \/ 8 \u20ac<\/p>\n<p>&#8221;Muret e muzgut&#8221; \u00ebsht\u00eb lib\u00ebr me poezi i ribotuar i autor\u00ebve Laz\u00ebr &amp; Jozef Radi.<\/p>\n","protected":false},"featured_media":2138,"template":"","meta":[],"product_brand":[],"product_cat":[24],"product_tag":[],"class_list":{"0":"post-2137","1":"product","2":"type-product","3":"status-publish","4":"has-post-thumbnail","6":"product_cat-poezi","7":"description-off","9":"first","10":"instock","11":"shipping-taxable","12":"product-type-simple"},"_links":{"self":[{"href":"https:\/\/kad.al\/index.php\/wp-json\/wp\/v2\/product\/2137","targetHints":{"allow":["GET"]}}],"collection":[{"href":"https:\/\/kad.al\/index.php\/wp-json\/wp\/v2\/product"}],"about":[{"href":"https:\/\/kad.al\/index.php\/wp-json\/wp\/v2\/types\/product"}],"wp:featuredmedia":[{"embeddable":true,"href":"https:\/\/kad.al\/index.php\/wp-json\/wp\/v2\/media\/2138"}],"wp:attachment":[{"href":"https:\/\/kad.al\/index.php\/wp-json\/wp\/v2\/media?parent=2137"}],"wp:term":[{"taxonomy":"product_brand","embeddable":true,"href":"https:\/\/kad.al\/index.php\/wp-json\/wp\/v2\/product_brand?post=2137"},{"taxonomy":"product_cat","embeddable":true,"href":"https:\/\/kad.al\/index.php\/wp-json\/wp\/v2\/product_cat?post=2137"},{"taxonomy":"product_tag","embeddable":true,"href":"https:\/\/kad.al\/index.php\/wp-json\/wp\/v2\/product_tag?post=2137"}],"curies":[{"name":"wp","href":"https:\/\/api.w.org\/{rel}","templated":true}]}}