{"id":2105,"date":"2023-07-20T13:04:59","date_gmt":"2023-07-20T13:04:59","guid":{"rendered":"https:\/\/kad.al\/?post_type=product&#038;p=2105"},"modified":"2025-07-08T06:56:45","modified_gmt":"2025-07-08T06:56:45","slug":"paolo-franceska","status":"publish","type":"product","link":"https:\/\/kad.al\/index.php\/product\/paolo-franceska\/","title":{"rendered":"PAOLO &#038; FRAN\u00c7ESKA"},"content":{"rendered":"","protected":false},"excerpt":{"rendered":"<p><strong>PAOLO &amp; FRAN\u00c7ESKA<\/strong><\/p>\n<p><b><i>Matteo Strukul<\/i><\/b><\/p>\n<p>ISBN 978-9928-383-88-4<\/p>\n<p>\u00c7mimi 1200 Lek\u00eb<\/p>\n<p dir=\"ltr\" data-placeholder=\"Translation\">292 Faqe<\/p>\n<p dir=\"ltr\" data-placeholder=\"Translation\">P\u00ebrktheu Yllka Hasani<\/p>\n<p class=\"tw-data-text tw-text-large tw-ta\" dir=\"ltr\" data-placeholder=\"Translation\">S\u00eb bashku me historin\u00eb e tyre, n\u00eb faqet e k\u00ebtij libri, autori na risjell Italin\u00eb e at\u00ebhershme, me artin e saj mahnit\u00ebs, t\u00eb mrekulluesh\u00ebm, historit\u00eb dhe intrigat n\u00eb oborret mesjetare, betejat dhe marr\u00ebveshjet midis principatave. &#8221;Paolo &amp; Fran\u00e7eska&#8221; \u00ebsht\u00eb nj\u00eb afresk gjigand i nj\u00eb dashurie t\u00eb vuajtur, n\u00eb t\u00eb cil\u00ebn, miti dhe historia g\u00ebrshetohen bashk\u00eb; nj\u00eb rr\u00ebfim i arrir\u00eb dhe nj\u00ebkoh\u00ebsisht besnik i ngjarjeve t\u00eb ndodhura realisht, n\u00eb nj\u00eb epok\u00eb, e cila vazhdon t\u00eb na magjeps\u00eb ende sot.<\/p>\n<p>&nbsp;<\/p>\n","protected":false},"featured_media":2106,"template":"","meta":[],"product_brand":[],"product_cat":[23],"product_tag":[],"class_list":{"0":"post-2105","1":"product","2":"type-product","3":"status-publish","4":"has-post-thumbnail","6":"product_cat-romane-tregime-novela","7":"description-off","9":"first","10":"instock","11":"shipping-taxable","12":"product-type-simple"},"_links":{"self":[{"href":"https:\/\/kad.al\/index.php\/wp-json\/wp\/v2\/product\/2105","targetHints":{"allow":["GET"]}}],"collection":[{"href":"https:\/\/kad.al\/index.php\/wp-json\/wp\/v2\/product"}],"about":[{"href":"https:\/\/kad.al\/index.php\/wp-json\/wp\/v2\/types\/product"}],"wp:featuredmedia":[{"embeddable":true,"href":"https:\/\/kad.al\/index.php\/wp-json\/wp\/v2\/media\/2106"}],"wp:attachment":[{"href":"https:\/\/kad.al\/index.php\/wp-json\/wp\/v2\/media?parent=2105"}],"wp:term":[{"taxonomy":"product_brand","embeddable":true,"href":"https:\/\/kad.al\/index.php\/wp-json\/wp\/v2\/product_brand?post=2105"},{"taxonomy":"product_cat","embeddable":true,"href":"https:\/\/kad.al\/index.php\/wp-json\/wp\/v2\/product_cat?post=2105"},{"taxonomy":"product_tag","embeddable":true,"href":"https:\/\/kad.al\/index.php\/wp-json\/wp\/v2\/product_tag?post=2105"}],"curies":[{"name":"wp","href":"https:\/\/api.w.org\/{rel}","templated":true}]}}