{"id":2089,"date":"2023-06-13T13:51:38","date_gmt":"2023-06-13T13:51:38","guid":{"rendered":"https:\/\/kad.al\/?post_type=product&#038;p=2089"},"modified":"2025-07-07T08:42:06","modified_gmt":"2025-07-07T08:42:06","slug":"celesi-i-hiramit","status":"publish","type":"product","link":"https:\/\/kad.al\/index.php\/product\/celesi-i-hiramit\/","title":{"rendered":"\u00c7EL\u00cbSI I HIRAMIT"},"content":{"rendered":"","protected":false},"excerpt":{"rendered":"<p><strong>\u00c7EL\u00cbSI I HIRAMIT<\/strong><\/p>\n<p><i>Christopher<\/i><em>\u00a0Knight \/ Robert Lomas<\/em><\/p>\n<p>ISBN 978-9928&#8211;383 &#8211; 75 -4<\/p>\n<p>\u00c7mimi 1500 Lek\u00eb<\/p>\n<p>386 Faqe<\/p>\n<p>P\u00ebrkthyer nga Maksim Rakipaj<\/p>\n<p>Nj\u00eb nga motivet kryesore p\u00ebr shkrimin e k\u00ebtij libri buron nga d\u00ebshira e autor\u00ebve p\u00ebr t\u00eb p\u00ebrcaktuar origjin\u00ebn e masoneris\u00eb. A u formulua plot\u00ebsisht ajo n\u00eb themelin e Lozh\u00ebs s\u00eb Madhe t\u00eb Anglis\u00eb, m\u00eb 24 qershor 1717, apo kjo ishte njohja e par\u00eb publike e di\u00e7kaje shum\u00eb m\u00eb t\u00eb vjet\u00ebr?<\/p>\n","protected":false},"featured_media":2090,"template":"","meta":[],"product_brand":[],"product_cat":[22],"product_tag":[],"class_list":{"0":"post-2089","1":"product","2":"type-product","3":"status-publish","4":"has-post-thumbnail","6":"product_cat-histori","7":"description-off","9":"first","10":"instock","11":"shipping-taxable","12":"product-type-simple"},"_links":{"self":[{"href":"https:\/\/kad.al\/index.php\/wp-json\/wp\/v2\/product\/2089","targetHints":{"allow":["GET"]}}],"collection":[{"href":"https:\/\/kad.al\/index.php\/wp-json\/wp\/v2\/product"}],"about":[{"href":"https:\/\/kad.al\/index.php\/wp-json\/wp\/v2\/types\/product"}],"wp:featuredmedia":[{"embeddable":true,"href":"https:\/\/kad.al\/index.php\/wp-json\/wp\/v2\/media\/2090"}],"wp:attachment":[{"href":"https:\/\/kad.al\/index.php\/wp-json\/wp\/v2\/media?parent=2089"}],"wp:term":[{"taxonomy":"product_brand","embeddable":true,"href":"https:\/\/kad.al\/index.php\/wp-json\/wp\/v2\/product_brand?post=2089"},{"taxonomy":"product_cat","embeddable":true,"href":"https:\/\/kad.al\/index.php\/wp-json\/wp\/v2\/product_cat?post=2089"},{"taxonomy":"product_tag","embeddable":true,"href":"https:\/\/kad.al\/index.php\/wp-json\/wp\/v2\/product_tag?post=2089"}],"curies":[{"name":"wp","href":"https:\/\/api.w.org\/{rel}","templated":true}]}}