{"id":2085,"date":"2023-05-22T12:46:16","date_gmt":"2023-05-22T12:46:16","guid":{"rendered":"https:\/\/kad.al\/?post_type=product&#038;p=2085"},"modified":"2025-07-07T08:45:52","modified_gmt":"2025-07-07T08:45:52","slug":"drama-e-jetes","status":"publish","type":"product","link":"https:\/\/kad.al\/index.php\/product\/drama-e-jetes\/","title":{"rendered":"DRAMA E JET\u00cbS"},"content":{"rendered":"","protected":false},"excerpt":{"rendered":"<p><strong>DRAMA E JET\u00cbS<\/strong><\/p>\n<p><em>Nestor Topen\u00e7arov<\/em><\/p>\n<p>ISBN 978-9928&#8211;383 &#8211; 73 &#8211; 0<\/p>\n<p>172 Faqe<\/p>\n<p>\u00c7mimi 700 Lek\u00eb<\/p>\n<p>Libri flet p\u00ebr akuzat e sajuara dhe nd\u00ebshkimet e pjestarve t\u00eb nj\u00eb familjeje t\u00eb pafajshme gjat\u00eb periudh\u00ebs s\u00eb regjimit komunist.<\/p>\n<p>&nbsp;<\/p>\n","protected":false},"featured_media":2086,"template":"","meta":[],"product_brand":[],"product_cat":[22],"product_tag":[],"class_list":{"0":"post-2085","1":"product","2":"type-product","3":"status-publish","4":"has-post-thumbnail","6":"product_cat-histori","7":"description-off","9":"first","10":"instock","11":"shipping-taxable","12":"product-type-simple"},"_links":{"self":[{"href":"https:\/\/kad.al\/index.php\/wp-json\/wp\/v2\/product\/2085","targetHints":{"allow":["GET"]}}],"collection":[{"href":"https:\/\/kad.al\/index.php\/wp-json\/wp\/v2\/product"}],"about":[{"href":"https:\/\/kad.al\/index.php\/wp-json\/wp\/v2\/types\/product"}],"wp:featuredmedia":[{"embeddable":true,"href":"https:\/\/kad.al\/index.php\/wp-json\/wp\/v2\/media\/2086"}],"wp:attachment":[{"href":"https:\/\/kad.al\/index.php\/wp-json\/wp\/v2\/media?parent=2085"}],"wp:term":[{"taxonomy":"product_brand","embeddable":true,"href":"https:\/\/kad.al\/index.php\/wp-json\/wp\/v2\/product_brand?post=2085"},{"taxonomy":"product_cat","embeddable":true,"href":"https:\/\/kad.al\/index.php\/wp-json\/wp\/v2\/product_cat?post=2085"},{"taxonomy":"product_tag","embeddable":true,"href":"https:\/\/kad.al\/index.php\/wp-json\/wp\/v2\/product_tag?post=2085"}],"curies":[{"name":"wp","href":"https:\/\/api.w.org\/{rel}","templated":true}]}}