{"id":2076,"date":"2023-05-16T13:34:53","date_gmt":"2023-05-16T13:34:53","guid":{"rendered":"https:\/\/kad.al\/?post_type=product&#038;p=2076"},"modified":"2025-07-31T06:32:51","modified_gmt":"2025-07-31T06:32:51","slug":"lulet-e-balzakut","status":"publish","type":"product","link":"https:\/\/kad.al\/index.php\/product\/lulet-e-balzakut\/","title":{"rendered":"LULET E BALZAKUT"},"content":{"rendered":"","protected":false},"excerpt":{"rendered":"<p><strong>LULET E BALZAKUT<\/strong><\/p>\n<p>ISBN 978-9928-383-68-6<\/p>\n<p>\u00c7mimi 1000 Lek\u00eb<\/p>\n<p>282 faqe<\/p>\n<p>Aforizma t\u00eb ndryshme nga shkrimtari i madh, t\u00eb mbledhura bashk\u00eb n\u00eb nj\u00eb botim nga\u00a0Vasilika Michalas Gjoka.<\/p>\n","protected":false},"featured_media":2077,"template":"","meta":[],"product_brand":[],"product_cat":[27],"product_tag":[],"class_list":{"0":"post-2076","1":"product","2":"type-product","3":"status-publish","4":"has-post-thumbnail","6":"product_cat-letersia-klasike","7":"description-off","9":"first","10":"instock","11":"shipping-taxable","12":"product-type-simple"},"_links":{"self":[{"href":"https:\/\/kad.al\/index.php\/wp-json\/wp\/v2\/product\/2076","targetHints":{"allow":["GET"]}}],"collection":[{"href":"https:\/\/kad.al\/index.php\/wp-json\/wp\/v2\/product"}],"about":[{"href":"https:\/\/kad.al\/index.php\/wp-json\/wp\/v2\/types\/product"}],"wp:featuredmedia":[{"embeddable":true,"href":"https:\/\/kad.al\/index.php\/wp-json\/wp\/v2\/media\/2077"}],"wp:attachment":[{"href":"https:\/\/kad.al\/index.php\/wp-json\/wp\/v2\/media?parent=2076"}],"wp:term":[{"taxonomy":"product_brand","embeddable":true,"href":"https:\/\/kad.al\/index.php\/wp-json\/wp\/v2\/product_brand?post=2076"},{"taxonomy":"product_cat","embeddable":true,"href":"https:\/\/kad.al\/index.php\/wp-json\/wp\/v2\/product_cat?post=2076"},{"taxonomy":"product_tag","embeddable":true,"href":"https:\/\/kad.al\/index.php\/wp-json\/wp\/v2\/product_tag?post=2076"}],"curies":[{"name":"wp","href":"https:\/\/api.w.org\/{rel}","templated":true}]}}